{"id":5514,"date":"2021-08-18T14:06:53","date_gmt":"2021-08-18T11:06:53","guid":{"rendered":"https:\/\/alkaline.lv\/?post_type=product&#038;p=5514"},"modified":"2022-07-12T13:10:29","modified_gmt":"2022-07-12T10:10:29","slug":"caurumotajs-leitz-style-caurumo-lidz-30-lapam-granata-sarkana-krasa","status":"publish","type":"product","link":"https:\/\/alkaline.lv\/en\/products\/caurumotajs-leitz-style-caurumo-lidz-30-lapam-granata-sarkana-krasa\/","title":{"rendered":"Caurumot\u0101js LEITZ STYLE caurumo l\u012bdz 30 lap\u0101m, gran\u0101ta sarkan\u0101 kr\u0101s\u0101"},"content":{"rendered":"<div class=\"PRODUCT__description desc description\">\n<div id=\"product-09d0241b0db34059044cd89e0e670e9c\">\n<div class=\"PRODUCT__description desc description\">\n<div id=\"product-fbce17f0aa7ee33a0ba5d6a2cdb3ae4b\">\n<div class=\"PRODUCT__description desc description\">\n<div id=\"product-fbce17f0aa7ee33a0ba5d6a2cdb3ae4b\">\n<div class=\"PRODUCT__description desc description\">\n<div class=\"PRODUCT__description desc description\">\n<div id=\"product-123e797886c6d3b21e28cf3ddc02a9c0\">\n<div class=\"PRODUCT__description desc description\">\n<div id=\"product-ee568112b16344c93e0de7d2483d2450\">\n<div class=\"PRODUCT__description desc description\">\n<div id=\"product-467d2a3a855dbbe54eb3b0ab01277d29\">\n<div class=\"PRODUCT__description desc description\">\n<div id=\"product-eebdc1d914de808930f481d37f978a85\">\n<div class=\"PRODUCT__description desc description\">\n<div id=\"product-6ac65583276157a3daaad91bc2526894\">\n<div class=\"PRODUCT__description desc description\">\n<div id=\"product-c481902598fb6b5998b2aaa765d42e31-full\">\n<div class=\"PRODUCT__description desc description\">\n<div id=\"product-4c01e8dfbca1f1be14ca09ca882150ca\">\n<div class=\"PRODUCT__description desc description\">\n<div id=\"product-276bb423730ba7594db3c4346f902ac4\">\n<div class=\"PRODUCT__description desc description\">\n<div id=\"product-28db028026dad2310df87d3ab9547842\">\n<div class=\"PRODUCT__description desc description\">Iztur\u012bgs met\u0101la caurumot\u0101js ikdienas lieto\u0161anai<br \/>\nVienlaic\u012bgi caurdur l\u012bdz 30 lap\u0101m (80 g\/ m2)<br \/>\nStabils un uzticams ar komfortablu satv\u0113riena zonu<br \/>\nUltra asi asme\u0146i nodro\u0161ina \u012bpa\u0161i vieglu caurumo\u0161anu<br \/>\nViegli iztuk\u0161o atkritumu kast\u012bti<br \/>\nKr\u0101sa: gran\u0101ta sarkana<br \/>\n10 gadu garantija un GS dro\u0161\u012bbas p\u0101rbaude<\/div>\n<div class=\"PRODUCT__actions\"><\/div>\n<\/div>\n<\/div>\n<div class=\"PRODUCT__actions\">\n<div class=\"PRODUCT__actions-item\"><\/div>\n<\/div>\n<\/div>\n<p>&nbsp;<\/p>\n<\/div>\n<div class=\"PRODUCT__actions\">\n<div class=\"PRODUCT__actions-item\"><\/div>\n<\/div>\n<\/div>\n<p>&nbsp;<\/p>\n<\/div>\n<div class=\"PRODUCT__actions\">\n<div class=\"PRODUCT__actions-item\"><\/div>\n<\/div>\n<\/div>\n<p>&nbsp;<\/p>\n<\/div>\n<div class=\"PRODUCT__actions\">\n<div class=\"PRODUCT__actions-item\"><\/div>\n<\/div>\n<\/div>\n<\/div>\n<div class=\"PRODUCT__actions\">\n<div class=\"PRODUCT__actions-item\"><\/div>\n<\/div>\n<\/div>\n<\/div>\n<\/div>\n<\/div>\n<\/div>\n<\/div>\n<\/div>\n<\/div>\n<\/div>\n<div class=\"PRODUCT__actions\">\n<div class=\"PRODUCT__actions-item\"><\/div>\n<\/div>\n<\/div>\n<\/div>\n<div class=\"PRODUCT__actions\">\n<div class=\"PRODUCT__actions-item\"><\/div>\n<\/div>\n<\/div>\n<\/div>\n<\/div>\n<\/div>\n","protected":false},"excerpt":{"rendered":"<div class=\"item_meta\">Cena ar PVN<strong><span style=\"color: #ff0000;\"> 22,01 \u20ac<\/span><\/strong><\/div>\n","protected":false},"featured_media":5515,"template":"","meta":{"inline_featured_image":false},"product_cat":[298],"product_tag":[],"class_list":{"0":"post-5514","1":"product","2":"type-product","3":"status-publish","4":"has-post-thumbnail","6":"product_cat-caurumotaji","8":"first","9":"instock","10":"taxable","11":"shipping-taxable","12":"purchasable","13":"product-type-simple","14":"add-to-wishlist-after_add_to_cart"},"_links":{"self":[{"href":"https:\/\/alkaline.lv\/en\/wp-json\/wp\/v2\/product\/5514"}],"collection":[{"href":"https:\/\/alkaline.lv\/en\/wp-json\/wp\/v2\/product"}],"about":[{"href":"https:\/\/alkaline.lv\/en\/wp-json\/wp\/v2\/types\/product"}],"wp:featuredmedia":[{"embeddable":true,"href":"https:\/\/alkaline.lv\/en\/wp-json\/wp\/v2\/media\/5515"}],"wp:attachment":[{"href":"https:\/\/alkaline.lv\/en\/wp-json\/wp\/v2\/media?parent=5514"}],"wp:term":[{"taxonomy":"product_cat","embeddable":true,"href":"https:\/\/alkaline.lv\/en\/wp-json\/wp\/v2\/product_cat?post=5514"},{"taxonomy":"product_tag","embeddable":true,"href":"https:\/\/alkaline.lv\/en\/wp-json\/wp\/v2\/product_tag?post=5514"}],"curies":[{"name":"wp","href":"https:\/\/api.w.org\/{rel}","templated":true}]}}