{"id":5558,"date":"2021-08-18T15:56:27","date_gmt":"2021-08-18T12:56:27","guid":{"rendered":"https:\/\/alkaline.lv\/?post_type=product&#038;p=5558"},"modified":"2022-07-12T13:10:38","modified_gmt":"2022-07-12T10:10:38","slug":"skavotajs-leitz-5517-sasuj-lidz-10-lapam-zils","status":"publish","type":"product","link":"https:\/\/alkaline.lv\/en\/products\/skavotajs-leitz-5517-sasuj-lidz-10-lapam-zils\/","title":{"rendered":"Skavot\u0101js Leitz 5517 sa\u0161uj l\u012bdz 10 lap\u0101m, zils"},"content":{"rendered":"<div class=\"PRODUCT__description desc description\">\n<div id=\"product-09d0241b0db34059044cd89e0e670e9c\">\n<div class=\"PRODUCT__description desc description\">\n<div id=\"product-fbce17f0aa7ee33a0ba5d6a2cdb3ae4b\">\n<div class=\"PRODUCT__description desc description\">\n<div id=\"product-fbce17f0aa7ee33a0ba5d6a2cdb3ae4b\">\n<div class=\"PRODUCT__description desc description\">\n<div class=\"PRODUCT__description desc description\">\n<div id=\"product-123e797886c6d3b21e28cf3ddc02a9c0\">\n<div class=\"PRODUCT__description desc description\">\n<div id=\"product-ee568112b16344c93e0de7d2483d2450\">\n<div class=\"PRODUCT__description desc description\">\n<div id=\"product-467d2a3a855dbbe54eb3b0ab01277d29\">\n<div class=\"PRODUCT__description desc description\">\n<div id=\"product-eebdc1d914de808930f481d37f978a85\">\n<div class=\"PRODUCT__description desc description\">\n<div id=\"product-6ac65583276157a3daaad91bc2526894\">\n<div class=\"PRODUCT__description desc description\">\n<div id=\"product-c481902598fb6b5998b2aaa765d42e31-full\">\n<div class=\"PRODUCT__description desc description\">\n<div id=\"product-4c01e8dfbca1f1be14ca09ca882150ca\">\n<div class=\"PRODUCT__description desc description\">\n<div id=\"product-276bb423730ba7594db3c4346f902ac4\">\n<div class=\"PRODUCT__description desc description\">\n<div id=\"product-28db028026dad2310df87d3ab9547842\">\n<div class=\"PRODUCT__description desc description\">\n<div class=\"PRODUCT__description desc description\">\n<div id=\"product-fe24792a69cd2d954d2c0b10cd9fc6a2-full\">\n<div class=\"PRODUCT__description desc description\">\n<div id=\"product-934c2e6ced17b92d65fbc750c7747fa4-full\">\n<p>Viegls un kompakts skavot\u0101js<br \/>\n\u0112rti uzglab\u0101jams maz\u0101 pen\u0101l\u012b vai map\u0113<br \/>\nIzmanto\u0161anai biroj\u0101 vai m\u0101j\u0101s<br \/>\nSkavas No 10<br \/>\nSa\u0161uj l\u012bdz pat 10 lap\u0101m (80 g\/m2)<br \/>\n180 gr\u0101du v\u0101ci\u0146a atver\u0161ana, \u013cauj viegli ievietot un iz\u0146emt skavas<br \/>\nKomplekt\u0101 iek\u013cauts atskavot\u0101js<br \/>\n3 gadu garantija (lietojot LEITZ skavas)<\/p>\n<\/div>\n<p>&nbsp;<\/p>\n<\/div>\n<div class=\"PRODUCT__actions\">\n<div class=\"PRODUCT__actions-item\"><\/div>\n<\/div>\n<\/div>\n<\/div>\n<\/div>\n<\/div>\n<\/div>\n<div class=\"PRODUCT__actions\">\n<div class=\"PRODUCT__actions-item\"><\/div>\n<\/div>\n<\/div>\n<p>&nbsp;<\/p>\n<\/div>\n<div class=\"PRODUCT__actions\">\n<div class=\"PRODUCT__actions-item\"><\/div>\n<\/div>\n<\/div>\n<p>&nbsp;<\/p>\n<\/div>\n<div class=\"PRODUCT__actions\">\n<div class=\"PRODUCT__actions-item\"><\/div>\n<\/div>\n<\/div>\n<p>&nbsp;<\/p>\n<\/div>\n<div class=\"PRODUCT__actions\">\n<div class=\"PRODUCT__actions-item\"><\/div>\n<\/div>\n<\/div>\n<\/div>\n<div class=\"PRODUCT__actions\">\n<div class=\"PRODUCT__actions-item\"><\/div>\n<\/div>\n<\/div>\n<\/div>\n<\/div>\n<\/div>\n<\/div>\n<\/div>\n<\/div>\n<\/div>\n<\/div>\n<div class=\"PRODUCT__actions\">\n<div class=\"PRODUCT__actions-item\"><\/div>\n<\/div>\n<\/div>\n<\/div>\n<div class=\"PRODUCT__actions\">\n<div class=\"PRODUCT__actions-item\"><\/div>\n<\/div>\n<\/div>\n<\/div>\n<\/div>\n<\/div>\n","protected":false},"excerpt":{"rendered":"<div class=\"item_meta\">Cena ar PVN<strong><span style=\"color: #ff0000;\"> 7,51 \u20ac<\/span><\/strong><\/div>\n","protected":false},"featured_media":5559,"template":"","meta":{"inline_featured_image":false},"product_cat":[299],"product_tag":[],"class_list":{"0":"post-5558","1":"product","2":"type-product","3":"status-publish","4":"has-post-thumbnail","6":"product_cat-skavotaji","8":"first","9":"instock","10":"taxable","11":"shipping-taxable","12":"purchasable","13":"product-type-simple","14":"add-to-wishlist-after_add_to_cart"},"_links":{"self":[{"href":"https:\/\/alkaline.lv\/en\/wp-json\/wp\/v2\/product\/5558"}],"collection":[{"href":"https:\/\/alkaline.lv\/en\/wp-json\/wp\/v2\/product"}],"about":[{"href":"https:\/\/alkaline.lv\/en\/wp-json\/wp\/v2\/types\/product"}],"wp:featuredmedia":[{"embeddable":true,"href":"https:\/\/alkaline.lv\/en\/wp-json\/wp\/v2\/media\/5559"}],"wp:attachment":[{"href":"https:\/\/alkaline.lv\/en\/wp-json\/wp\/v2\/media?parent=5558"}],"wp:term":[{"taxonomy":"product_cat","embeddable":true,"href":"https:\/\/alkaline.lv\/en\/wp-json\/wp\/v2\/product_cat?post=5558"},{"taxonomy":"product_tag","embeddable":true,"href":"https:\/\/alkaline.lv\/en\/wp-json\/wp\/v2\/product_tag?post=5558"}],"curies":[{"name":"wp","href":"https:\/\/api.w.org\/{rel}","templated":true}]}}