{"id":5653,"date":"2021-08-18T18:50:27","date_gmt":"2021-08-18T15:50:27","guid":{"rendered":"https:\/\/alkaline.lv\/?post_type=product&#038;p=5653"},"modified":"2021-08-18T18:51:48","modified_gmt":"2021-08-18T15:51:48","slug":"paliktnis-piezimju-papiram-ico-perforets-metals-melns","status":"publish","type":"product","link":"https:\/\/alkaline.lv\/en\/products\/paliktnis-piezimju-papiram-ico-perforets-metals-melns\/","title":{"rendered":"Paliktnis piez\u012bmju pap\u012bram ICO, perfor\u0113ts met\u0101ls, melns"},"content":{"rendered":"<div class=\"PRODUCT__description desc description\">\n<div id=\"product-09d0241b0db34059044cd89e0e670e9c\">\n<div class=\"PRODUCT__description desc description\">\n<div id=\"product-fbce17f0aa7ee33a0ba5d6a2cdb3ae4b\">\n<div class=\"PRODUCT__description desc description\">\n<div id=\"product-fbce17f0aa7ee33a0ba5d6a2cdb3ae4b\">\n<div class=\"PRODUCT__description desc description\">\n<div class=\"PRODUCT__description desc description\">\n<div id=\"product-123e797886c6d3b21e28cf3ddc02a9c0\">\n<div class=\"PRODUCT__description desc description\">\n<div id=\"product-ee568112b16344c93e0de7d2483d2450\">\n<div class=\"PRODUCT__description desc description\">\n<div id=\"product-467d2a3a855dbbe54eb3b0ab01277d29\">\n<div class=\"PRODUCT__description desc description\">\n<div id=\"product-eebdc1d914de808930f481d37f978a85\">\n<div class=\"PRODUCT__description desc description\">\n<div id=\"product-6ac65583276157a3daaad91bc2526894\">\n<div class=\"PRODUCT__description desc description\">\n<div id=\"product-c481902598fb6b5998b2aaa765d42e31-full\">\n<div class=\"PRODUCT__description desc description\">\n<div id=\"product-4c01e8dfbca1f1be14ca09ca882150ca\">\n<div class=\"PRODUCT__description desc description\">\n<div id=\"product-276bb423730ba7594db3c4346f902ac4\">\n<div class=\"PRODUCT__description desc description\">\n<div id=\"product-28db028026dad2310df87d3ab9547842\">\n<div class=\"PRODUCT__description desc description\">\n<div class=\"PRODUCT__description desc description\">\n<div id=\"product-fe24792a69cd2d954d2c0b10cd9fc6a2-full\">\n<div class=\"PRODUCT__description desc description\">\n<div id=\"product-934c2e6ced17b92d65fbc750c7747fa4-full\">\n<div class=\"PRODUCT__description desc description\">\n<div class=\"PRODUCT__description desc description\">\n<div class=\"PRODUCT__description desc description\">\n<div id=\"product-97fca88432f7af1588281dc0a130fa3c\">\n<div class=\"PRODUCT__description desc description\">\n<div id=\"product-f0f99bfbcc215c1b5a2c3735723ec12d\">Paliktnis piez\u012bmju pap\u012bram ICO, perfor\u0113ts met\u0101ls, 9,5 x 9,5 cm, melns<\/div>\n<\/div>\n<\/div>\n<p>&nbsp;<\/p>\n<\/div>\n<div class=\"PRODUCT__actions\">\n<div class=\"PRODUCT__actions-item\"><\/div>\n<\/div>\n<\/div>\n<\/div>\n<\/div>\n<\/div>\n<\/div>\n<\/div>\n<\/div>\n<\/div>\n<\/div>\n<\/div>\n<\/div>\n<\/div>\n<\/div>\n<\/div>\n<\/div>\n<\/div>\n<\/div>\n<\/div>\n<\/div>\n<\/div>\n<\/div>\n<\/div>\n<\/div>\n<\/div>\n<\/div>\n<\/div>\n<\/div>\n<\/div>\n<\/div>\n<\/div>\n<\/div>\n<\/div>\n","protected":false},"excerpt":{"rendered":"<div class=\"item_meta\">Cena ar PVN <span style=\"color: #ff0000;\"><strong>4,60 \u20ac<\/strong><\/span><\/div>\n","protected":false},"featured_media":5654,"template":"","meta":{"inline_featured_image":false},"product_cat":[302],"product_tag":[],"class_list":{"0":"post-5653","1":"product","2":"type-product","3":"status-publish","4":"has-post-thumbnail","6":"product_cat-galda-organizatori","8":"first","9":"instock","10":"taxable","11":"shipping-taxable","12":"purchasable","13":"product-type-simple","14":"add-to-wishlist-after_add_to_cart"},"_links":{"self":[{"href":"https:\/\/alkaline.lv\/en\/wp-json\/wp\/v2\/product\/5653"}],"collection":[{"href":"https:\/\/alkaline.lv\/en\/wp-json\/wp\/v2\/product"}],"about":[{"href":"https:\/\/alkaline.lv\/en\/wp-json\/wp\/v2\/types\/product"}],"wp:featuredmedia":[{"embeddable":true,"href":"https:\/\/alkaline.lv\/en\/wp-json\/wp\/v2\/media\/5654"}],"wp:attachment":[{"href":"https:\/\/alkaline.lv\/en\/wp-json\/wp\/v2\/media?parent=5653"}],"wp:term":[{"taxonomy":"product_cat","embeddable":true,"href":"https:\/\/alkaline.lv\/en\/wp-json\/wp\/v2\/product_cat?post=5653"},{"taxonomy":"product_tag","embeddable":true,"href":"https:\/\/alkaline.lv\/en\/wp-json\/wp\/v2\/product_tag?post=5653"}],"curies":[{"name":"wp","href":"https:\/\/api.w.org\/{rel}","templated":true}]}}