{"id":5660,"date":"2021-08-18T19:08:42","date_gmt":"2021-08-18T16:08:42","guid":{"rendered":"https:\/\/alkaline.lv\/?post_type=product&#038;p=5660"},"modified":"2025-08-31T14:10:08","modified_gmt":"2025-08-31T11:10:08","slug":"papira-klipsi-centrum-25-mm-12-gab-kastite","status":"publish","type":"product","link":"https:\/\/alkaline.lv\/en\/products\/papira-klipsi-centrum-25-mm-12-gab-kastite\/","title":{"rendered":"Pap\u012bra klip\u0161i CENTRUM 25 mm, 12 gab\/kast\u012bt\u0113"},"content":{"rendered":"<div class=\"PRODUCT__description desc description\">\n<div id=\"product-09d0241b0db34059044cd89e0e670e9c\">\n<div class=\"PRODUCT__description desc description\">\n<div id=\"product-fbce17f0aa7ee33a0ba5d6a2cdb3ae4b\">\n<div class=\"PRODUCT__description desc description\">\n<div id=\"product-fbce17f0aa7ee33a0ba5d6a2cdb3ae4b\">\n<div class=\"PRODUCT__description desc description\">\n<div class=\"PRODUCT__description desc description\">\n<div id=\"product-123e797886c6d3b21e28cf3ddc02a9c0\">\n<div class=\"PRODUCT__description desc description\">\n<div id=\"product-ee568112b16344c93e0de7d2483d2450\">\n<div class=\"PRODUCT__description desc description\">\n<div id=\"product-467d2a3a855dbbe54eb3b0ab01277d29\">\n<div class=\"PRODUCT__description desc description\">\n<div id=\"product-eebdc1d914de808930f481d37f978a85\">\n<div class=\"PRODUCT__description desc description\">\n<div id=\"product-6ac65583276157a3daaad91bc2526894\">\n<div class=\"PRODUCT__description desc description\">\n<div id=\"product-c481902598fb6b5998b2aaa765d42e31-full\">\n<div class=\"PRODUCT__description desc description\">\n<div id=\"product-4c01e8dfbca1f1be14ca09ca882150ca\">\n<div class=\"PRODUCT__description desc description\">\n<div id=\"product-276bb423730ba7594db3c4346f902ac4\">\n<div class=\"PRODUCT__description desc description\">\n<div id=\"product-28db028026dad2310df87d3ab9547842\">\n<div class=\"PRODUCT__description desc description\">\n<div class=\"PRODUCT__description desc description\">\n<div id=\"product-fe24792a69cd2d954d2c0b10cd9fc6a2-full\">\n<div class=\"PRODUCT__description desc description\">\n<div id=\"product-934c2e6ced17b92d65fbc750c7747fa4-full\">\n<div class=\"PRODUCT__description desc description\">\n<div class=\"PRODUCT__description desc description\">\n<div class=\"PRODUCT__description desc description\">\n<div id=\"product-97fca88432f7af1588281dc0a130fa3c\">\n<div class=\"PRODUCT__description desc description\">\n<div id=\"product-f0f99bfbcc215c1b5a2c3735723ec12d\">\n<div class=\"PRODUCT__description desc description\">\n<div id=\"product-30ee08c7372e29e2b879a191f60290b2\">Met\u0101la saspied\u0113ji lielam pap\u012bra daudzumam<br \/>\nMeln\u0101 kr\u0101s\u0101<\/div>\n<p>&nbsp;<\/p>\n<\/div>\n<div class=\"PRODUCT__actions\">\n<div class=\"PRODUCT__actions-item\"><\/div>\n<\/div>\n<\/div>\n<\/div>\n<\/div>\n<p>&nbsp;<\/p>\n<\/div>\n<div class=\"PRODUCT__actions\">\n<div class=\"PRODUCT__actions-item\"><\/div>\n<\/div>\n<\/div>\n<\/div>\n<\/div>\n<\/div>\n<\/div>\n<\/div>\n<\/div>\n<\/div>\n<\/div>\n<\/div>\n<\/div>\n<\/div>\n<\/div>\n<\/div>\n<\/div>\n<\/div>\n<\/div>\n<\/div>\n<\/div>\n<\/div>\n<\/div>\n<\/div>\n<\/div>\n<\/div>\n<\/div>\n<\/div>\n<\/div>\n<\/div>\n<\/div>\n<\/div>\n<\/div>\n<\/div>\n","protected":false},"excerpt":{"rendered":"<p>Met\u0101la saspied\u0113ji lielam pap\u012bra daudzumam Meln\u0101 kr\u0101s\u0101 &nbsp; &nbsp;<\/p>\n","protected":false},"featured_media":5661,"template":"","meta":{"inline_featured_image":false},"product_cat":[303],"product_tag":[],"class_list":{"0":"post-5660","1":"product","2":"type-product","3":"status-publish","4":"has-post-thumbnail","6":"product_cat-klipsi-papiram","8":"first","9":"instock","10":"taxable","11":"shipping-taxable","12":"purchasable","13":"product-type-simple","14":"add-to-wishlist-after_add_to_cart"},"_links":{"self":[{"href":"https:\/\/alkaline.lv\/en\/wp-json\/wp\/v2\/product\/5660"}],"collection":[{"href":"https:\/\/alkaline.lv\/en\/wp-json\/wp\/v2\/product"}],"about":[{"href":"https:\/\/alkaline.lv\/en\/wp-json\/wp\/v2\/types\/product"}],"wp:featuredmedia":[{"embeddable":true,"href":"https:\/\/alkaline.lv\/en\/wp-json\/wp\/v2\/media\/5661"}],"wp:attachment":[{"href":"https:\/\/alkaline.lv\/en\/wp-json\/wp\/v2\/media?parent=5660"}],"wp:term":[{"taxonomy":"product_cat","embeddable":true,"href":"https:\/\/alkaline.lv\/en\/wp-json\/wp\/v2\/product_cat?post=5660"},{"taxonomy":"product_tag","embeddable":true,"href":"https:\/\/alkaline.lv\/en\/wp-json\/wp\/v2\/product_tag?post=5660"}],"curies":[{"name":"wp","href":"https:\/\/api.w.org\/{rel}","templated":true}]}}