{"id":56608,"date":"2023-08-17T11:24:33","date_gmt":"2023-08-17T08:24:33","guid":{"rendered":"https:\/\/alkaline.lv\/?post_type=product&#038;p=56608"},"modified":"2023-08-31T11:38:12","modified_gmt":"2023-08-31T08:38:12","slug":"clin-lemon-stikla-virsmu-tirisanas-lidzeklis-500ml","status":"publish","type":"product","link":"https:\/\/alkaline.lv\/en\/products\/clin-lemon-stikla-virsmu-tirisanas-lidzeklis-500ml\/","title":{"rendered":"SANO Sanoclear stiklu t\u012br\u012b\u0161anas l\u012bdzeklis ar silikonu 750ml"},"content":{"rendered":"<div class=\"item_meta\">\n<div class=\"card__header\">\n<div class=\"card__header\">\n<div class=\"card__header\">\n<h2 class=\"card__title heading h3\">Apraksts<\/h2>\n<\/div>\n<div class=\"card__section \">\n<div class=\"rte text--pull\">\n<p>SANO Sanoclear stiklu t\u012br\u012b\u0161anas l\u012bdzeklis ar silikonu.\u00a0Not\u012bra logus, v\u0113jstiklus, spogu\u013cus, porcel\u0101na, akmens un keramikas fl\u012bzes, plastmasu, hromu, emalju un citas virsmas<\/p>\n<p>&nbsp;<\/p>\n<p><strong><span lang=\"LV\">Sast\u0101vda\u013cas<\/span><\/strong><\/p>\n<p>5% nejonu virsmakt\u012bv\u0101s vielas, aromatiz\u0113t\u0101ji<\/p>\n<p><span lang=\"LV\">\u00a0<\/span><\/p>\n<p><strong><span lang=\"LV\">B\u012bstami!<\/span><\/strong><span lang=\"LV\"><br \/>\nH318 &#8211; Izraisa nopietnus acu boj\u0101jumus.<br \/>\nP102 &#8211; Sarg\u0101t no b\u0113rniem.<\/span><\/p>\n<p>&nbsp;<\/p>\n<p><span lang=\"LV\">\u00a0<\/span><\/p>\n<p><strong><span lang=\"LV\">Uzglab\u0101\u0161ana<\/span><\/strong><\/p>\n<p><span lang=\"LV\">Uzglab\u0101t saus\u0101, v\u0113s\u0101 un tum\u0161\u0101 viet\u0101.<\/span><\/p>\n<\/div>\n<\/div>\n<\/div>\n<\/div>\n<\/div>\n","protected":false},"excerpt":{"rendered":"<div class=\"item_meta\"><\/div>\n<div><\/div>\n","protected":false},"featured_media":58306,"template":"","meta":{"inline_featured_image":false},"product_cat":[74],"product_tag":[],"class_list":{"0":"post-56608","1":"product","2":"type-product","3":"status-publish","4":"has-post-thumbnail","6":"product_cat-stiklu-tirisana","8":"first","9":"instock","10":"taxable","11":"shipping-taxable","12":"purchasable","13":"product-type-simple","14":"add-to-wishlist-after_add_to_cart"},"_links":{"self":[{"href":"https:\/\/alkaline.lv\/en\/wp-json\/wp\/v2\/product\/56608","targetHints":{"allow":["GET"]}}],"collection":[{"href":"https:\/\/alkaline.lv\/en\/wp-json\/wp\/v2\/product"}],"about":[{"href":"https:\/\/alkaline.lv\/en\/wp-json\/wp\/v2\/types\/product"}],"wp:featuredmedia":[{"embeddable":true,"href":"https:\/\/alkaline.lv\/en\/wp-json\/wp\/v2\/media\/58306"}],"wp:attachment":[{"href":"https:\/\/alkaline.lv\/en\/wp-json\/wp\/v2\/media?parent=56608"}],"wp:term":[{"taxonomy":"product_cat","embeddable":true,"href":"https:\/\/alkaline.lv\/en\/wp-json\/wp\/v2\/product_cat?post=56608"},{"taxonomy":"product_tag","embeddable":true,"href":"https:\/\/alkaline.lv\/en\/wp-json\/wp\/v2\/product_tag?post=56608"}],"curies":[{"name":"wp","href":"https:\/\/api.w.org\/{rel}","templated":true}]}}