{"id":56632,"date":"2023-08-17T12:55:47","date_gmt":"2023-08-17T09:55:47","guid":{"rendered":"https:\/\/alkaline.lv\/?post_type=product&#038;p=56632"},"modified":"2023-08-17T13:07:39","modified_gmt":"2023-08-17T10:07:39","slug":"dezinfekcijas-lidzeklis-kvadro150ml","status":"publish","type":"product","link":"https:\/\/alkaline.lv\/en\/products\/dezinfekcijas-lidzeklis-kvadro150ml\/","title":{"rendered":"Dezinfekcijas l\u012bdzeklis Kvadro,150ml"},"content":{"rendered":"<p>Dezinfekcijas l\u012bdzeklis virsm\u0101m, invent\u0101ram, ap\u0123\u0113rbam, rok\u0101m<\/p>\n<p><span lang=\"lv\" xml:lang=\"lv\">Efekt\u012bvs dezinfekcijas l\u012bdzeklis, kur\u0161 nerada lip\u012bgas atliekas. Var tikt izmantots ar\u012b roku dezinfekcijai. L\u012bdzeklis paredz\u0113ts da\u017e\u0101du veidu virsmu un materi\u0101lu dezinfekcijai: atkritumu tvertnes, darba instrumenti, durvju rokturi, m\u0113beles, ap\u0123\u0113rbs, virtuves virsmas, tualetes podi, du\u0161as kab\u012bnes, viet\u0101s, kur gr\u016bti piek\u013c\u016bt u.c. L\u012bdzekli var lietot p\u0101rtikas p\u0101rstr\u0101des, \u0113din\u0101\u0161anas uz\u0146\u0113mumos, b\u0113rnu d\u0101rzos, sabiedrisk\u0101s un m\u0101c\u012bbu iest\u0101d\u0113s.<\/span><\/p>\n<p><strong><span lang=\"lv\" xml:lang=\"lv\">Lieto\u0161ana:<\/span><\/strong><span lang=\"lv\" xml:lang=\"lv\">\u00a0pirms izsmidzin\u0101\u0161anas sakr\u0101t\u012bt aerosola flakonu. Uzsmidzin\u0101t\u00a0\u00a0tie\u0161i uz dezinfic\u0113jam\u0101s virsmas no 5-10 cm att\u0101luma un \u013caut no\u017e\u016bt. Nenoskalot. Laiks starp lieto\u0161anas reiz\u0113m saska\u0146\u0101 ar mazg\u0101\u0161anas un dezinfekcijas programmu. Dezinfic\u0113jo\u0161i akt\u012bvas vielas: spirtu mais\u012bjums 70%.<\/span><\/p>\n<p><strong><span lang=\"lv\" xml:lang=\"lv\">B\u012aSTAMI!<\/span><\/strong><span lang=\"lv\" xml:lang=\"lv\">\u00a0\u012apa\u0161i viegli uzliesmojo\u0161s aerosols. Tvertne zem spiediena: karstum\u0101 var eksplod\u0113t. Atk\u0101rtota iedarb\u012bba var rad\u012bt sausu \u0101du vai izrais\u012bt t\u0101s spr\u0113g\u0101\u0161anu. Sarg\u0101t no b\u0113rniem! Tur\u0113t pietiekam\u0101 att\u0101lum\u0101 no karstuma avotiem, karst\u0101m virsm\u0101m, dzirkstel\u0113m, atkl\u0101tas liesmas un citiem aizdeg\u0161an\u0101s avotiem. Nesm\u0113\u0137\u0113t. Neizsmidzin\u0101t uz atkl\u0101tas uguns vai citiem aizdeg\u0161an\u0101s avotiem. Nedurt vai nededzin\u0101t ar\u012b p\u0113c izlieto\u0161anas.\u00a0<\/span><span lang=\"lv\" xml:lang=\"lv\">Aizsarg\u0101t no saules stariem.\u00a0<\/span>SASKAR\u0112 AR AC\u012aM: Uzman\u012bgi skalot ar \u016bdeni vair\u0101kas min\u016btes. Iz\u0146emt kontaktl\u0113cas, ja t\u0101s ir ievietotas un ja to var vienk\u0101r\u0161i izdar\u012bt. Turpin\u0101t skalot acis.<\/p>\n<p><span lang=\"lv\" xml:lang=\"lv\">Satur:<\/span><span lang=\"lv\" xml:lang=\"lv\">\u00a0etilspirts 295 g\/kg, izopropilspirts 159 g\/kg<\/span><\/p>\n<p><span lang=\"lv\" xml:lang=\"lv\">Ra\u017eot\u0101js: SIA \u201cKvadro\u201d, Latvija<\/span><\/p>\n","protected":false},"excerpt":{"rendered":"<div class=\"item_meta\"><\/div>\n<div><\/div>\n","protected":false},"featured_media":56633,"template":"","meta":{"inline_featured_image":false},"product_cat":[73,118],"product_tag":[],"class_list":{"0":"post-56632","1":"product","2":"type-product","3":"status-publish","4":"has-post-thumbnail","6":"product_cat-dezinfekcijas-lidzekli","7":"product_cat-roku-dezinfekcijas-lidzekli","9":"first","10":"instock","11":"taxable","12":"shipping-taxable","13":"purchasable","14":"product-type-simple","15":"add-to-wishlist-after_add_to_cart"},"_links":{"self":[{"href":"https:\/\/alkaline.lv\/en\/wp-json\/wp\/v2\/product\/56632"}],"collection":[{"href":"https:\/\/alkaline.lv\/en\/wp-json\/wp\/v2\/product"}],"about":[{"href":"https:\/\/alkaline.lv\/en\/wp-json\/wp\/v2\/types\/product"}],"wp:featuredmedia":[{"embeddable":true,"href":"https:\/\/alkaline.lv\/en\/wp-json\/wp\/v2\/media\/56633"}],"wp:attachment":[{"href":"https:\/\/alkaline.lv\/en\/wp-json\/wp\/v2\/media?parent=56632"}],"wp:term":[{"taxonomy":"product_cat","embeddable":true,"href":"https:\/\/alkaline.lv\/en\/wp-json\/wp\/v2\/product_cat?post=56632"},{"taxonomy":"product_tag","embeddable":true,"href":"https:\/\/alkaline.lv\/en\/wp-json\/wp\/v2\/product_tag?post=56632"}],"curies":[{"name":"wp","href":"https:\/\/api.w.org\/{rel}","templated":true}]}}