{"id":5664,"date":"2021-08-18T19:11:42","date_gmt":"2021-08-18T16:11:42","guid":{"rendered":"https:\/\/alkaline.lv\/?post_type=product&#038;p=5664"},"modified":"2021-09-21T15:18:07","modified_gmt":"2021-09-21T12:18:07","slug":"papira-klipsii-forpus-15-mm-melna-krasa-12-gab-iepak","status":"publish","type":"product","link":"https:\/\/alkaline.lv\/en\/products\/papira-klipsii-forpus-15-mm-melna-krasa-12-gab-iepak\/","title":{"rendered":"Pap\u012bra klip\u0161i FORPUS, 15 mm, 12 gab\/kast\u012bt\u0113"},"content":{"rendered":"<p>Lielam pap\u012bra daudzumam<br \/>\nKr\u0101sa: melna<br \/>\nIepakojum\u0101 12 gab.<\/p>\n","protected":false},"excerpt":{"rendered":"<div class=\"item_meta\">Cena ar PVN <span style=\"color: #ff0000;\"><strong>0,81 \u20ac<\/strong><\/span><\/div>\n","protected":false},"featured_media":5665,"template":"","meta":{"inline_featured_image":false},"product_cat":[303],"product_tag":[],"class_list":{"0":"post-5664","1":"product","2":"type-product","3":"status-publish","4":"has-post-thumbnail","6":"product_cat-klipsi-papiram","8":"first","9":"instock","10":"taxable","11":"shipping-taxable","12":"purchasable","13":"product-type-simple","14":"add-to-wishlist-after_add_to_cart"},"_links":{"self":[{"href":"https:\/\/alkaline.lv\/en\/wp-json\/wp\/v2\/product\/5664"}],"collection":[{"href":"https:\/\/alkaline.lv\/en\/wp-json\/wp\/v2\/product"}],"about":[{"href":"https:\/\/alkaline.lv\/en\/wp-json\/wp\/v2\/types\/product"}],"wp:featuredmedia":[{"embeddable":true,"href":"https:\/\/alkaline.lv\/en\/wp-json\/wp\/v2\/media\/5665"}],"wp:attachment":[{"href":"https:\/\/alkaline.lv\/en\/wp-json\/wp\/v2\/media?parent=5664"}],"wp:term":[{"taxonomy":"product_cat","embeddable":true,"href":"https:\/\/alkaline.lv\/en\/wp-json\/wp\/v2\/product_cat?post=5664"},{"taxonomy":"product_tag","embeddable":true,"href":"https:\/\/alkaline.lv\/en\/wp-json\/wp\/v2\/product_tag?post=5664"}],"curies":[{"name":"wp","href":"https:\/\/api.w.org\/{rel}","templated":true}]}}