{"id":5668,"date":"2021-08-18T19:14:11","date_gmt":"2021-08-18T16:14:11","guid":{"rendered":"https:\/\/alkaline.lv\/?post_type=product&#038;p=5668"},"modified":"2021-08-18T19:15:17","modified_gmt":"2021-08-18T16:15:17","slug":"papira-klipsi-centrum-19-mm-12-gab-kastite","status":"publish","type":"product","link":"https:\/\/alkaline.lv\/en\/products\/papira-klipsi-centrum-19-mm-12-gab-kastite\/","title":{"rendered":"Pap\u012bra klip\u0161i CENTRUM 19 mm, 12 gab\/kast\u012bt\u0113"},"content":{"rendered":"<div class=\"PRODUCT__description desc description\">\n<div id=\"product-ed7267d8d2a8142f46766b57d94ab091\">Met\u0101la saspied\u0113ji lielam pap\u012bra daudzumam<br \/>\nMeln\u0101 kr\u0101s\u0101<\/div>\n<p>&nbsp;<\/p>\n<\/div>\n<div class=\"PRODUCT__actions\">\n<div class=\"PRODUCT__actions-item\"><\/div>\n<\/div>\n","protected":false},"excerpt":{"rendered":"<div class=\"item_meta\">Cena ar PVN <span style=\"color: #ff0000;\"><strong>1,13 \u20ac<\/strong><\/span><\/div>\n","protected":false},"featured_media":5669,"template":"","meta":{"inline_featured_image":false},"product_cat":[303],"product_tag":[],"class_list":{"0":"post-5668","1":"product","2":"type-product","3":"status-publish","4":"has-post-thumbnail","6":"product_cat-klipsi-papiram","8":"first","9":"instock","10":"taxable","11":"shipping-taxable","12":"purchasable","13":"product-type-simple","14":"add-to-wishlist-after_add_to_cart"},"_links":{"self":[{"href":"https:\/\/alkaline.lv\/en\/wp-json\/wp\/v2\/product\/5668"}],"collection":[{"href":"https:\/\/alkaline.lv\/en\/wp-json\/wp\/v2\/product"}],"about":[{"href":"https:\/\/alkaline.lv\/en\/wp-json\/wp\/v2\/types\/product"}],"wp:featuredmedia":[{"embeddable":true,"href":"https:\/\/alkaline.lv\/en\/wp-json\/wp\/v2\/media\/5669"}],"wp:attachment":[{"href":"https:\/\/alkaline.lv\/en\/wp-json\/wp\/v2\/media?parent=5668"}],"wp:term":[{"taxonomy":"product_cat","embeddable":true,"href":"https:\/\/alkaline.lv\/en\/wp-json\/wp\/v2\/product_cat?post=5668"},{"taxonomy":"product_tag","embeddable":true,"href":"https:\/\/alkaline.lv\/en\/wp-json\/wp\/v2\/product_tag?post=5668"}],"curies":[{"name":"wp","href":"https:\/\/api.w.org\/{rel}","templated":true}]}}