{"id":5672,"date":"2021-08-18T19:17:01","date_gmt":"2021-08-18T16:17:01","guid":{"rendered":"https:\/\/alkaline.lv\/?post_type=product&#038;p=5672"},"modified":"2022-07-12T13:12:26","modified_gmt":"2022-07-12T10:12:26","slug":"papira-klipsi-alco-15mm-60-gab-kastite","status":"publish","type":"product","link":"https:\/\/alkaline.lv\/en\/products\/papira-klipsi-alco-15mm-60-gab-kastite\/","title":{"rendered":"Pap\u012bra klip\u0161i ALCO 15 mm, 60 gab\/kast\u012bt\u0113"},"content":{"rendered":"<div class=\"PRODUCT__description desc description\">\n<div id=\"product-ed7267d8d2a8142f46766b57d94ab091\">Met\u0101la saspied\u0113ji lielam pap\u012bra daudzumam<br \/>\nKr\u0101saini<br \/>\nKast\u012bt\u0113: 60gab ar izm\u0113ri 15 mm<\/div>\n<\/div>\n","protected":false},"excerpt":{"rendered":"<div class=\"item_meta\">Cena ar PVN <span style=\"color: #ff0000;\"><strong>5,26 \u20ac<\/strong><\/span><\/div>\n","protected":false},"featured_media":5673,"template":"","meta":{"inline_featured_image":false},"product_cat":[303],"product_tag":[],"class_list":{"0":"post-5672","1":"product","2":"type-product","3":"status-publish","4":"has-post-thumbnail","6":"product_cat-klipsi-papiram","8":"first","9":"instock","10":"taxable","11":"shipping-taxable","12":"purchasable","13":"product-type-simple","14":"add-to-wishlist-after_add_to_cart"},"_links":{"self":[{"href":"https:\/\/alkaline.lv\/en\/wp-json\/wp\/v2\/product\/5672","targetHints":{"allow":["GET"]}}],"collection":[{"href":"https:\/\/alkaline.lv\/en\/wp-json\/wp\/v2\/product"}],"about":[{"href":"https:\/\/alkaline.lv\/en\/wp-json\/wp\/v2\/types\/product"}],"wp:featuredmedia":[{"embeddable":true,"href":"https:\/\/alkaline.lv\/en\/wp-json\/wp\/v2\/media\/5673"}],"wp:attachment":[{"href":"https:\/\/alkaline.lv\/en\/wp-json\/wp\/v2\/media?parent=5672"}],"wp:term":[{"taxonomy":"product_cat","embeddable":true,"href":"https:\/\/alkaline.lv\/en\/wp-json\/wp\/v2\/product_cat?post=5672"},{"taxonomy":"product_tag","embeddable":true,"href":"https:\/\/alkaline.lv\/en\/wp-json\/wp\/v2\/product_tag?post=5672"}],"curies":[{"name":"wp","href":"https:\/\/api.w.org\/{rel}","templated":true}]}}