{"id":5693,"date":"2021-08-18T22:38:03","date_gmt":"2021-08-18T19:38:03","guid":{"rendered":"https:\/\/alkaline.lv\/?post_type=product&#038;p=5693"},"modified":"2022-07-12T13:12:27","modified_gmt":"2022-07-12T10:12:27","slug":"kastite-saspraudem-alco-58-x-72mm","status":"publish","type":"product","link":"https:\/\/alkaline.lv\/en\/products\/kastite-saspraudem-alco-58-x-72mm\/","title":{"rendered":"Kast\u012bte saspraud\u0113m ALCO 58 x 72mm"},"content":{"rendered":"<div class=\"PRODUCT__description desc description\">\n<div id=\"product-ed7267d8d2a8142f46766b57d94ab091\">\n<div class=\"PRODUCT__description desc description\">\n<div id=\"product-5b67af3c252f9041324187829c8f2fd5\">Magn\u0113tiska kast\u012bte ar kr\u0101sain\u0101m met\u0101la saspraud\u0113m 26 mm<\/div>\n<p>&nbsp;<\/p>\n<\/div>\n<div class=\"PRODUCT__actions\">\n<div class=\"PRODUCT__actions-item\"><\/div>\n<\/div>\n<\/div>\n<\/div>\n","protected":false},"excerpt":{"rendered":"<div class=\"item_meta\">Cena ar PVN <span style=\"color: #ff0000;\"><strong>2,30 \u20ac<\/strong><\/span><\/div>\n","protected":false},"featured_media":5694,"template":"","meta":{"inline_featured_image":false},"product_cat":[592],"product_tag":[],"class_list":{"0":"post-5693","1":"product","2":"type-product","3":"status-publish","4":"has-post-thumbnail","6":"product_cat-saspraudes-un-kastites-saspraudem","8":"first","9":"instock","10":"taxable","11":"shipping-taxable","12":"purchasable","13":"product-type-simple","14":"add-to-wishlist-after_add_to_cart"},"_links":{"self":[{"href":"https:\/\/alkaline.lv\/en\/wp-json\/wp\/v2\/product\/5693"}],"collection":[{"href":"https:\/\/alkaline.lv\/en\/wp-json\/wp\/v2\/product"}],"about":[{"href":"https:\/\/alkaline.lv\/en\/wp-json\/wp\/v2\/types\/product"}],"wp:featuredmedia":[{"embeddable":true,"href":"https:\/\/alkaline.lv\/en\/wp-json\/wp\/v2\/media\/5694"}],"wp:attachment":[{"href":"https:\/\/alkaline.lv\/en\/wp-json\/wp\/v2\/media?parent=5693"}],"wp:term":[{"taxonomy":"product_cat","embeddable":true,"href":"https:\/\/alkaline.lv\/en\/wp-json\/wp\/v2\/product_cat?post=5693"},{"taxonomy":"product_tag","embeddable":true,"href":"https:\/\/alkaline.lv\/en\/wp-json\/wp\/v2\/product_tag?post=5693"}],"curies":[{"name":"wp","href":"https:\/\/api.w.org\/{rel}","templated":true}]}}