{"id":5699,"date":"2021-08-18T22:46:38","date_gmt":"2021-08-18T19:46:38","guid":{"rendered":"https:\/\/alkaline.lv\/?post_type=product&#038;p=5699"},"modified":"2022-07-12T13:12:28","modified_gmt":"2022-07-12T10:12:28","slug":"kastite-saspraudem-forpus-40x40x68mm-30gab-kastite","status":"publish","type":"product","link":"https:\/\/alkaline.lv\/en\/products\/kastite-saspraudem-forpus-40x40x68mm-30gab-kastite\/","title":{"rendered":"Kast\u012bte saspraud\u0113m FORPUS 40x40x68mm, 30gab\/kast\u012bt\u0113"},"content":{"rendered":"<div class=\"PRODUCT__description desc description\">\n<div id=\"product-ed7267d8d2a8142f46766b57d94ab091\">\n<div class=\"PRODUCT__description desc description\">\n<div id=\"product-5b67af3c252f9041324187829c8f2fd5\">Magn\u0113tiska<br \/>\nAr 30 kr\u0101sainaj\u0101m 26 mm gar\u0101m saspraud\u0113m<\/div>\n<\/div>\n<\/div>\n<\/div>\n","protected":false},"excerpt":{"rendered":"<div class=\"item_meta\">Cena ar PVN <span style=\"color: #ff0000;\"><strong>1,71 \u20ac<\/strong><\/span><\/div>\n","protected":false},"featured_media":5700,"template":"","meta":{"inline_featured_image":false},"product_cat":[592],"product_tag":[],"class_list":{"0":"post-5699","1":"product","2":"type-product","3":"status-publish","4":"has-post-thumbnail","6":"product_cat-saspraudes-un-kastites-saspraudem","8":"first","9":"instock","10":"taxable","11":"shipping-taxable","12":"purchasable","13":"product-type-simple","14":"add-to-wishlist-after_add_to_cart"},"_links":{"self":[{"href":"https:\/\/alkaline.lv\/en\/wp-json\/wp\/v2\/product\/5699"}],"collection":[{"href":"https:\/\/alkaline.lv\/en\/wp-json\/wp\/v2\/product"}],"about":[{"href":"https:\/\/alkaline.lv\/en\/wp-json\/wp\/v2\/types\/product"}],"wp:featuredmedia":[{"embeddable":true,"href":"https:\/\/alkaline.lv\/en\/wp-json\/wp\/v2\/media\/5700"}],"wp:attachment":[{"href":"https:\/\/alkaline.lv\/en\/wp-json\/wp\/v2\/media?parent=5699"}],"wp:term":[{"taxonomy":"product_cat","embeddable":true,"href":"https:\/\/alkaline.lv\/en\/wp-json\/wp\/v2\/product_cat?post=5699"},{"taxonomy":"product_tag","embeddable":true,"href":"https:\/\/alkaline.lv\/en\/wp-json\/wp\/v2\/product_tag?post=5699"}],"curies":[{"name":"wp","href":"https:\/\/api.w.org\/{rel}","templated":true}]}}