{"id":5703,"date":"2021-08-18T22:53:29","date_gmt":"2021-08-18T19:53:29","guid":{"rendered":"https:\/\/alkaline.lv\/?post_type=product&#038;p=5703"},"modified":"2022-06-28T15:55:34","modified_gmt":"2022-06-28T12:55:34","slug":"saspraudes-50-mm-100gab-kastite-sudraba-krasa","status":"publish","type":"product","link":"https:\/\/alkaline.lv\/en\/products\/saspraudes-50-mm-100gab-kastite-sudraba-krasa\/","title":{"rendered":"Saspraudes 50 mm, 100gab\/kast\u012bt\u0113, sudraba kr\u0101sa"},"content":{"rendered":"<div class=\"PRODUCT__description desc description\">\n<div id=\"product-ed7267d8d2a8142f46766b57d94ab091\">\n<div class=\"PRODUCT__description desc description\">\n<div id=\"product-5b67af3c252f9041324187829c8f2fd5\">Met\u0101la saspraudes<\/div>\n<\/div>\n<\/div>\n<\/div>\n","protected":false},"excerpt":{"rendered":"<div class=\"item_meta\">Cena ar PVN <span style=\"color: #ff0000;\"><strong>1,26 \u20ac<\/strong><\/span><\/div>\n","protected":false},"featured_media":5704,"template":"","meta":{"inline_featured_image":false},"product_cat":[592],"product_tag":[],"class_list":{"0":"post-5703","1":"product","2":"type-product","3":"status-publish","4":"has-post-thumbnail","6":"product_cat-saspraudes-un-kastites-saspraudem","8":"first","9":"instock","10":"taxable","11":"shipping-taxable","12":"purchasable","13":"product-type-simple","14":"add-to-wishlist-after_add_to_cart"},"_links":{"self":[{"href":"https:\/\/alkaline.lv\/en\/wp-json\/wp\/v2\/product\/5703"}],"collection":[{"href":"https:\/\/alkaline.lv\/en\/wp-json\/wp\/v2\/product"}],"about":[{"href":"https:\/\/alkaline.lv\/en\/wp-json\/wp\/v2\/types\/product"}],"wp:featuredmedia":[{"embeddable":true,"href":"https:\/\/alkaline.lv\/en\/wp-json\/wp\/v2\/media\/5704"}],"wp:attachment":[{"href":"https:\/\/alkaline.lv\/en\/wp-json\/wp\/v2\/media?parent=5703"}],"wp:term":[{"taxonomy":"product_cat","embeddable":true,"href":"https:\/\/alkaline.lv\/en\/wp-json\/wp\/v2\/product_cat?post=5703"},{"taxonomy":"product_tag","embeddable":true,"href":"https:\/\/alkaline.lv\/en\/wp-json\/wp\/v2\/product_tag?post=5703"}],"curies":[{"name":"wp","href":"https:\/\/api.w.org\/{rel}","templated":true}]}}