{"id":57151,"date":"2023-08-21T14:02:11","date_gmt":"2023-08-21T11:02:11","guid":{"rendered":"https:\/\/alkaline.lv\/?post_type=product&#038;p=57151"},"modified":"2023-08-21T14:04:43","modified_gmt":"2023-08-21T11:04:43","slug":"trauku-mazgasanas-lidzeklis-cif-extra-strong-lemon-5l","status":"publish","type":"product","link":"https:\/\/alkaline.lv\/en\/products\/trauku-mazgasanas-lidzeklis-cif-extra-strong-lemon-5l\/","title":{"rendered":"Trauku mazg\u0101\u0161anas l\u012bdzeklis CIF EXTRA STRONG LEMON, 5L"},"content":{"rendered":"<p>Koncentr\u0113ts trauku mazg\u0101\u0161anas l\u012bdzeklis manu\u0101lai trauku mazg\u0101\u0161anai.<br \/>\nLieliski mazg\u0101 gl\u0101zes, galda piederumus, trakus, pannas un katlus. Saudz\u012bgs pret roku \u0101du.<\/p>\n<p><strong>Sign\u0101lv\u0101rds:<\/strong>\u00a0Uzman\u012bbu.<br \/>\n<strong>B\u012bstam\u012bbas pazi\u0146ojumi:\u00a0<\/strong>H319 &#8211; Izraisa nopietnu acu kairin\u0101jumu.<br \/>\n<strong>Dro\u0161\u012bbas pras\u012bbu apz\u012bm\u0113jumi:<\/strong>\u00a0P101 &#8211; Medic\u012bniska padoma nepiecie\u0161am\u012bbas gad\u012bjum\u0101 attiec\u012bg\u0101 inform\u0101cija ir nor\u0101d\u012bta uz iepakojuma vai eti\u0137etes. P102 &#8211; Sarg\u0101t no b\u0113rniem.<\/p>\n<p><strong>pH 7.0<\/strong><\/p>\n<p><strong>Tilpums: 5 L<\/strong><\/p>\n<p>&nbsp;<\/p>\n","protected":false},"excerpt":{"rendered":"<div class=\"item_meta\"><\/div>\n<div><\/div>\n","protected":false},"featured_media":57152,"template":"","meta":{"inline_featured_image":false},"product_cat":[372],"product_tag":[],"class_list":{"0":"post-57151","1":"product","2":"type-product","3":"status-publish","4":"has-post-thumbnail","6":"product_cat-trauku-mazgasanas-lidzekli-lielajos-iepakojumos","8":"first","9":"instock","10":"taxable","11":"shipping-taxable","12":"purchasable","13":"product-type-simple","14":"add-to-wishlist-after_add_to_cart"},"_links":{"self":[{"href":"https:\/\/alkaline.lv\/en\/wp-json\/wp\/v2\/product\/57151"}],"collection":[{"href":"https:\/\/alkaline.lv\/en\/wp-json\/wp\/v2\/product"}],"about":[{"href":"https:\/\/alkaline.lv\/en\/wp-json\/wp\/v2\/types\/product"}],"wp:featuredmedia":[{"embeddable":true,"href":"https:\/\/alkaline.lv\/en\/wp-json\/wp\/v2\/media\/57152"}],"wp:attachment":[{"href":"https:\/\/alkaline.lv\/en\/wp-json\/wp\/v2\/media?parent=57151"}],"wp:term":[{"taxonomy":"product_cat","embeddable":true,"href":"https:\/\/alkaline.lv\/en\/wp-json\/wp\/v2\/product_cat?post=57151"},{"taxonomy":"product_tag","embeddable":true,"href":"https:\/\/alkaline.lv\/en\/wp-json\/wp\/v2\/product_tag?post=57151"}],"curies":[{"name":"wp","href":"https:\/\/api.w.org\/{rel}","templated":true}]}}