{"id":57291,"date":"2023-08-22T14:56:38","date_gmt":"2023-08-22T11:56:38","guid":{"rendered":"https:\/\/alkaline.lv\/?post_type=product&#038;p=57291"},"modified":"2023-08-22T15:09:15","modified_gmt":"2023-08-22T12:09:15","slug":"koslajamas-gumijas-tirisanas-lidzeklis-taski-tapi-gum-500-ml","status":"publish","type":"product","link":"https:\/\/alkaline.lv\/en\/products\/koslajamas-gumijas-tirisanas-lidzeklis-taski-tapi-gum-500-ml\/","title":{"rendered":"Ko\u0161\u013c\u0101jam\u0101s gumijas t\u012br\u012b\u0161anas l\u012bdzeklis TASKI TAPI GUM,  500 ml"},"content":{"rendered":"<p>Aerosolveida t\u012br\u012b\u0161anas l\u012bdzeklis, kas sasald\u0113jot ko\u0161\u013c\u0101jamo gumiju to pal\u012bdz iz\u0146emt no m\u012bkstiem gr\u012bdu segumiem un m\u012bkstaj\u0101m m\u0113bel\u0113m.<br \/>\nLai iz\u0146emtu ko\u0161\u013c\u0101jamo gumiju &#8211; sasald\u0113 to. Nesatur CFC.\u00a0Efekt\u012bva un \u0101tra ko\u0161\u013c\u0101jam\u0101s gumijas iz\u0146em\u0161ana no pakl\u0101ja, neboj\u0101jot t\u0101 \u0161\u0137iedras.\u00a0Videi draudz\u012bgs.<\/p>\n<p><strong>Sign\u0101lv\u0101rds:<\/strong>\u00a0B\u012bstami.<br \/>\n<strong>B\u012bstam\u012bbas pazi\u0146ojumi:\u00a0<\/strong>H222 &#8211; \u012apa\u0161i viegli uzliesmojo\u0161s aerosols. H229 &#8211; Tvertne zem spiediena: karstum\u0101 var eksplod\u0113t.<br \/>\n<strong>Dro\u0161\u012bbas pras\u012bbu apz\u012bm\u0113jumi:<\/strong>\u00a0P210 &#8211; Sarg\u0101t no karstuma, karst\u0101m virsm\u0101m, dzirkstel\u0113m, atkl\u0101tas uguns un citiem aizdeg\u0161an\u0101s avotiem. Nesm\u0113\u0137\u0113t. P211 &#8211; Neizsmidzin\u0101t uz atkl\u0101tas uguns vai citiem aizdeg\u0161an\u0101s avotiem. P251 &#8211; Nedurt vai nededzin\u0101t, ar\u012b p\u0113c izlieto\u0161anas. P410 + P412 &#8211; Aizsarg\u0101t no saules gaismas. Nepak\u013caut temperat\u016brai, kas p\u0101rsniedz 50 \u00b0C.<\/p>\n<p><strong>Tilpums: 500 ml<\/strong><\/p>\n","protected":false},"excerpt":{"rendered":"<div class=\"item_meta\"><\/div>\n<div><\/div>\n","protected":false},"featured_media":57297,"template":"","meta":{"inline_featured_image":false},"product_cat":[109,79],"product_tag":[],"class_list":{"0":"post-57291","1":"product","2":"type-product","3":"status-publish","4":"has-post-thumbnail","6":"product_cat-paklaju-kopsanai","7":"product_cat-specialu-virsmu-tirisanai","9":"first","10":"instock","11":"taxable","12":"shipping-taxable","13":"purchasable","14":"product-type-simple","15":"add-to-wishlist-after_add_to_cart"},"_links":{"self":[{"href":"https:\/\/alkaline.lv\/en\/wp-json\/wp\/v2\/product\/57291","targetHints":{"allow":["GET"]}}],"collection":[{"href":"https:\/\/alkaline.lv\/en\/wp-json\/wp\/v2\/product"}],"about":[{"href":"https:\/\/alkaline.lv\/en\/wp-json\/wp\/v2\/types\/product"}],"wp:featuredmedia":[{"embeddable":true,"href":"https:\/\/alkaline.lv\/en\/wp-json\/wp\/v2\/media\/57297"}],"wp:attachment":[{"href":"https:\/\/alkaline.lv\/en\/wp-json\/wp\/v2\/media?parent=57291"}],"wp:term":[{"taxonomy":"product_cat","embeddable":true,"href":"https:\/\/alkaline.lv\/en\/wp-json\/wp\/v2\/product_cat?post=57291"},{"taxonomy":"product_tag","embeddable":true,"href":"https:\/\/alkaline.lv\/en\/wp-json\/wp\/v2\/product_tag?post=57291"}],"curies":[{"name":"wp","href":"https:\/\/api.w.org\/{rel}","templated":true}]}}