{"id":5730,"date":"2021-08-18T23:34:23","date_gmt":"2021-08-18T20:34:23","guid":{"rendered":"https:\/\/alkaline.lv\/?post_type=product&#038;p=5730"},"modified":"2023-07-17T16:31:44","modified_gmt":"2023-07-17T13:31:44","slug":"tafeles-piespraudes-office-point-60-gab-iepak-krasainas","status":"publish","type":"product","link":"https:\/\/alkaline.lv\/en\/products\/tafeles-piespraudes-office-point-60-gab-iepak-krasainas\/","title":{"rendered":"Piespraudes kor\u0137a t\u0101felei OFFICE POINT, 60 gab., kr\u0101sainas"},"content":{"rendered":"<p>Pap\u012bra piestiprin\u0101\u0161anai pie kor\u0137a t\u0101feles<br \/>\nAr da\u017e\u0101du kr\u0101su plastmasas galvi\u0146\u0101m<br \/>\nKr\u0101sainas<\/p>\n","protected":false},"excerpt":{"rendered":"<p>Pap\u012bra piestiprin\u0101\u0161anai pie kor\u0137a t\u0101feles Ar da\u017e\u0101du kr\u0101su plastmasas galvi\u0146\u0101m Kr\u0101sainas<\/p>\n","protected":false},"featured_media":5731,"template":"","meta":{"inline_featured_image":false},"product_cat":[305],"product_tag":[],"class_list":{"0":"post-5730","1":"product","2":"type-product","3":"status-publish","4":"has-post-thumbnail","6":"product_cat-piespraudes","8":"first","9":"instock","10":"taxable","11":"shipping-taxable","12":"purchasable","13":"product-type-simple","14":"add-to-wishlist-after_add_to_cart"},"_links":{"self":[{"href":"https:\/\/alkaline.lv\/en\/wp-json\/wp\/v2\/product\/5730","targetHints":{"allow":["GET"]}}],"collection":[{"href":"https:\/\/alkaline.lv\/en\/wp-json\/wp\/v2\/product"}],"about":[{"href":"https:\/\/alkaline.lv\/en\/wp-json\/wp\/v2\/types\/product"}],"wp:featuredmedia":[{"embeddable":true,"href":"https:\/\/alkaline.lv\/en\/wp-json\/wp\/v2\/media\/5731"}],"wp:attachment":[{"href":"https:\/\/alkaline.lv\/en\/wp-json\/wp\/v2\/media?parent=5730"}],"wp:term":[{"taxonomy":"product_cat","embeddable":true,"href":"https:\/\/alkaline.lv\/en\/wp-json\/wp\/v2\/product_cat?post=5730"},{"taxonomy":"product_tag","embeddable":true,"href":"https:\/\/alkaline.lv\/en\/wp-json\/wp\/v2\/product_tag?post=5730"}],"curies":[{"name":"wp","href":"https:\/\/api.w.org\/{rel}","templated":true}]}}