{"id":5733,"date":"2021-08-18T23:45:05","date_gmt":"2021-08-18T20:45:05","guid":{"rendered":"https:\/\/alkaline.lv\/?post_type=product&#038;p=5733"},"modified":"2023-08-21T00:12:48","modified_gmt":"2023-08-20T21:12:48","slug":"lineals-sivo-15-cm-dazadas-neona-krasas-1-gab","status":"publish","type":"product","link":"https:\/\/alkaline.lv\/en\/products\/lineals-sivo-15-cm-dazadas-neona-krasas-1-gab\/","title":{"rendered":"Line\u0101ls SIVO 15 cm, da\u017e\u0101d\u0101s neona kr\u0101s\u0101s"},"content":{"rendered":"<p>Spilgt\u0101s kr\u0101s\u0101s<br \/>\nPiem\u0113rots lieto\u0161anai gan ar kreiso, gan ar labo roku<br \/>\nDa\u017e\u0101das neona kr\u0101sas<br \/>\nGarums 15 cm<\/p>\n","protected":false},"excerpt":{"rendered":"<div class=\"item_meta\">Cena ar PVN <span style=\"color: #ff0000;\"><strong>0,25 \u20ac<\/strong><\/span><\/div>\n","protected":false},"featured_media":5734,"template":"","meta":{"inline_featured_image":false},"product_cat":[573],"product_tag":[],"class_list":{"0":"post-5733","1":"product","2":"type-product","3":"status-publish","4":"has-post-thumbnail","6":"product_cat-lineali-2","8":"first","9":"instock","10":"taxable","11":"shipping-taxable","12":"purchasable","13":"product-type-simple","14":"add-to-wishlist-after_add_to_cart"},"_links":{"self":[{"href":"https:\/\/alkaline.lv\/en\/wp-json\/wp\/v2\/product\/5733","targetHints":{"allow":["GET"]}}],"collection":[{"href":"https:\/\/alkaline.lv\/en\/wp-json\/wp\/v2\/product"}],"about":[{"href":"https:\/\/alkaline.lv\/en\/wp-json\/wp\/v2\/types\/product"}],"wp:featuredmedia":[{"embeddable":true,"href":"https:\/\/alkaline.lv\/en\/wp-json\/wp\/v2\/media\/5734"}],"wp:attachment":[{"href":"https:\/\/alkaline.lv\/en\/wp-json\/wp\/v2\/media?parent=5733"}],"wp:term":[{"taxonomy":"product_cat","embeddable":true,"href":"https:\/\/alkaline.lv\/en\/wp-json\/wp\/v2\/product_cat?post=5733"},{"taxonomy":"product_tag","embeddable":true,"href":"https:\/\/alkaline.lv\/en\/wp-json\/wp\/v2\/product_tag?post=5733"}],"curies":[{"name":"wp","href":"https:\/\/api.w.org\/{rel}","templated":true}]}}