{"id":5741,"date":"2021-08-27T12:19:07","date_gmt":"2021-08-27T09:19:07","guid":{"rendered":"https:\/\/alkaline.lv\/?post_type=product&#038;p=5741"},"modified":"2022-07-12T13:12:22","modified_gmt":"2022-07-12T10:12:22","slug":"rasesanas-piederumu-kompekts-patio-student-5-vienibas","status":"publish","type":"product","link":"https:\/\/alkaline.lv\/en\/products\/rasesanas-piederumu-kompekts-patio-student-5-vienibas\/","title":{"rendered":"Ras\u0113\u0161anas piederumu kompekts PATIO Student, 5 vien\u012bbas"},"content":{"rendered":"","protected":false},"excerpt":{"rendered":"<div class=\"item_meta\">Cena ar PVN <span style=\"color: #ff0000;\"><strong>3,49 \u20ac<\/strong><\/span><\/div>\n","protected":false},"featured_media":5742,"template":"","meta":{"inline_featured_image":false},"product_cat":[573],"product_tag":[],"class_list":{"0":"post-5741","1":"product","2":"type-product","3":"status-publish","4":"has-post-thumbnail","6":"product_cat-lineali-2","8":"first","9":"outofstock","10":"taxable","11":"shipping-taxable","12":"purchasable","13":"product-type-simple","14":"add-to-wishlist-after_add_to_cart"},"_links":{"self":[{"href":"https:\/\/alkaline.lv\/en\/wp-json\/wp\/v2\/product\/5741"}],"collection":[{"href":"https:\/\/alkaline.lv\/en\/wp-json\/wp\/v2\/product"}],"about":[{"href":"https:\/\/alkaline.lv\/en\/wp-json\/wp\/v2\/types\/product"}],"wp:featuredmedia":[{"embeddable":true,"href":"https:\/\/alkaline.lv\/en\/wp-json\/wp\/v2\/media\/5742"}],"wp:attachment":[{"href":"https:\/\/alkaline.lv\/en\/wp-json\/wp\/v2\/media?parent=5741"}],"wp:term":[{"taxonomy":"product_cat","embeddable":true,"href":"https:\/\/alkaline.lv\/en\/wp-json\/wp\/v2\/product_cat?post=5741"},{"taxonomy":"product_tag","embeddable":true,"href":"https:\/\/alkaline.lv\/en\/wp-json\/wp\/v2\/product_tag?post=5741"}],"curies":[{"name":"wp","href":"https:\/\/api.w.org\/{rel}","templated":true}]}}