{"id":5747,"date":"2021-08-27T12:23:53","date_gmt":"2021-08-27T09:23:53","guid":{"rendered":"https:\/\/alkaline.lv\/?post_type=product&#038;p=5747"},"modified":"2022-07-12T13:12:16","modified_gmt":"2022-07-12T10:12:16","slug":"lineals-linex-rewood-22-cm-zila-krasa","status":"publish","type":"product","link":"https:\/\/alkaline.lv\/en\/products\/lineals-linex-rewood-22-cm-zila-krasa\/","title":{"rendered":"Line\u0101ls LINEX Rewood, 22 cm, zils"},"content":{"rendered":"<p>Izgatavots no p\u0101rstr\u0101d\u0101tas koksnes<br \/>\n100% p\u0101rstr\u0101d\u0101jams un bez kait\u012bg\u0101m viel\u0101m<br \/>\nStabils, viegls un iztur\u012bgs &#8211; laba alternat\u012bva plastmasai<br \/>\nIzm\u0113rs: 22 cm &#8211; der A4 form\u0101ta pap\u012bra platumam<\/p>\n","protected":false},"excerpt":{"rendered":"<div class=\"item_meta\">Cena ar PVN <span style=\"color: #ff0000;\"><strong>1<\/strong><strong><span style=\"color: #ff0000;\">.70<\/span> \u20ac<\/strong><\/span><\/div>\n","protected":false},"featured_media":5748,"template":"","meta":{"inline_featured_image":false},"product_cat":[573],"product_tag":[],"class_list":{"0":"post-5747","1":"product","2":"type-product","3":"status-publish","4":"has-post-thumbnail","6":"product_cat-lineali-2","8":"first","9":"instock","10":"taxable","11":"shipping-taxable","12":"purchasable","13":"product-type-simple","14":"add-to-wishlist-after_add_to_cart"},"_links":{"self":[{"href":"https:\/\/alkaline.lv\/en\/wp-json\/wp\/v2\/product\/5747"}],"collection":[{"href":"https:\/\/alkaline.lv\/en\/wp-json\/wp\/v2\/product"}],"about":[{"href":"https:\/\/alkaline.lv\/en\/wp-json\/wp\/v2\/types\/product"}],"wp:featuredmedia":[{"embeddable":true,"href":"https:\/\/alkaline.lv\/en\/wp-json\/wp\/v2\/media\/5748"}],"wp:attachment":[{"href":"https:\/\/alkaline.lv\/en\/wp-json\/wp\/v2\/media?parent=5747"}],"wp:term":[{"taxonomy":"product_cat","embeddable":true,"href":"https:\/\/alkaline.lv\/en\/wp-json\/wp\/v2\/product_cat?post=5747"},{"taxonomy":"product_tag","embeddable":true,"href":"https:\/\/alkaline.lv\/en\/wp-json\/wp\/v2\/product_tag?post=5747"}],"curies":[{"name":"wp","href":"https:\/\/api.w.org\/{rel}","templated":true}]}}