{"id":5749,"date":"2021-08-27T12:27:31","date_gmt":"2021-08-27T09:27:31","guid":{"rendered":"https:\/\/alkaline.lv\/?post_type=product&#038;p=5749"},"modified":"2022-07-12T13:12:21","modified_gmt":"2022-07-12T10:12:21","slug":"lineals-kores-elastic-elastigs-15-cm-dazadas-krasas","status":"publish","type":"product","link":"https:\/\/alkaline.lv\/en\/products\/lineals-kores-elastic-elastigs-15-cm-dazadas-krasas\/","title":{"rendered":"Line\u0101ls KORES ELASTIC, elast\u012bgs, 15 cm, da\u017e\u0101d\u0101s kr\u0101s\u0101s"},"content":{"rendered":"<div class=\"PRODUCT__description desc description\">\n<div id=\"product-47cdb0105df7beb86591e631f7340825\">Elast\u012bgs<br \/>\n15 cm<\/div>\n<div>4 da\u017e\u0101d\u0101s kr\u0101s\u0101s (zila, roz\u0101, za\u013ca un dzeltena)<\/div>\n<p>&nbsp;<\/p>\n<\/div>\n<div class=\"PRODUCT__actions\">\n<div class=\"PRODUCT__actions-item\"><\/div>\n<\/div>\n","protected":false},"excerpt":{"rendered":"<div class=\"item_meta\">Cena ar PVN<span style=\"color: #ff0000;\"><strong> 0,60\u00a0\u20ac<\/strong><\/span><\/div>\n","protected":false},"featured_media":5750,"template":"","meta":{"inline_featured_image":false},"product_cat":[573],"product_tag":[],"class_list":{"0":"post-5749","1":"product","2":"type-product","3":"status-publish","4":"has-post-thumbnail","6":"product_cat-lineali-2","8":"first","9":"instock","10":"taxable","11":"shipping-taxable","12":"purchasable","13":"product-type-simple","14":"add-to-wishlist-after_add_to_cart"},"_links":{"self":[{"href":"https:\/\/alkaline.lv\/en\/wp-json\/wp\/v2\/product\/5749"}],"collection":[{"href":"https:\/\/alkaline.lv\/en\/wp-json\/wp\/v2\/product"}],"about":[{"href":"https:\/\/alkaline.lv\/en\/wp-json\/wp\/v2\/types\/product"}],"wp:featuredmedia":[{"embeddable":true,"href":"https:\/\/alkaline.lv\/en\/wp-json\/wp\/v2\/media\/5750"}],"wp:attachment":[{"href":"https:\/\/alkaline.lv\/en\/wp-json\/wp\/v2\/media?parent=5749"}],"wp:term":[{"taxonomy":"product_cat","embeddable":true,"href":"https:\/\/alkaline.lv\/en\/wp-json\/wp\/v2\/product_cat?post=5749"},{"taxonomy":"product_tag","embeddable":true,"href":"https:\/\/alkaline.lv\/en\/wp-json\/wp\/v2\/product_tag?post=5749"}],"curies":[{"name":"wp","href":"https:\/\/api.w.org\/{rel}","templated":true}]}}