{"id":5792,"date":"2021-08-27T13:17:15","date_gmt":"2021-08-27T10:17:15","guid":{"rendered":"https:\/\/alkaline.lv\/?post_type=product&#038;p=5792"},"modified":"2022-07-12T13:11:59","modified_gmt":"2022-07-12T10:11:59","slug":"skeres-wedo-21-cm-zili-rokturi","status":"publish","type":"product","link":"https:\/\/alkaline.lv\/en\/products\/skeres-wedo-21-cm-zili-rokturi\/","title":{"rendered":"\u0160\u0137\u0113res WEDO 21 cm zili rokturi"},"content":{"rendered":"<div class=\"PRODUCT__description desc description\">\n<div id=\"product-47cdb0105df7beb86591e631f7340825\">\n<div class=\"PRODUCT__description desc description\">\n<div id=\"product-fd74915c4301a36cae8461d6a1ded296\">\n<div class=\"PRODUCT__description desc description\">\n<div class=\"PRODUCT__description desc description\">\n<div id=\"product-0285a0a514c34c558d64f6413a61ba8d\">Ide\u0101li piem\u0113rotas profesion\u0101lai lieto\u0161anai biroj\u0101<br \/>\nIzgatavotas no ner\u016bs\u0113jo\u0161\u0101 t\u0113rauda<br \/>\nErgonomiski gumijoti rokturi<br \/>\nKop\u0113jais garums 21 cm<\/div>\n<p>&nbsp;<\/p>\n<\/div>\n<div class=\"PRODUCT__actions\">\n<div class=\"PRODUCT__actions-item\"><\/div>\n<\/div>\n<\/div>\n<\/div>\n<\/div>\n<div class=\"PRODUCT__actions\">\n<div class=\"PRODUCT__actions-item\"><\/div>\n<\/div>\n<\/div>\n<\/div>\n<div class=\"PRODUCT__actions\">\n<div class=\"PRODUCT__actions-item\"><\/div>\n<\/div>\n","protected":false},"excerpt":{"rendered":"<div class=\"item_meta\">Cena ar PVN<span style=\"color: #ff0000;\"><strong> 7,36 \u20ac<\/strong><\/span><\/div>\n","protected":false},"featured_media":5793,"template":"","meta":{"inline_featured_image":false},"product_cat":[307],"product_tag":[],"class_list":{"0":"post-5792","1":"product","2":"type-product","3":"status-publish","4":"has-post-thumbnail","6":"product_cat-skeres","8":"first","9":"instock","10":"taxable","11":"shipping-taxable","12":"purchasable","13":"product-type-simple","14":"add-to-wishlist-after_add_to_cart"},"_links":{"self":[{"href":"https:\/\/alkaline.lv\/en\/wp-json\/wp\/v2\/product\/5792"}],"collection":[{"href":"https:\/\/alkaline.lv\/en\/wp-json\/wp\/v2\/product"}],"about":[{"href":"https:\/\/alkaline.lv\/en\/wp-json\/wp\/v2\/types\/product"}],"wp:featuredmedia":[{"embeddable":true,"href":"https:\/\/alkaline.lv\/en\/wp-json\/wp\/v2\/media\/5793"}],"wp:attachment":[{"href":"https:\/\/alkaline.lv\/en\/wp-json\/wp\/v2\/media?parent=5792"}],"wp:term":[{"taxonomy":"product_cat","embeddable":true,"href":"https:\/\/alkaline.lv\/en\/wp-json\/wp\/v2\/product_cat?post=5792"},{"taxonomy":"product_tag","embeddable":true,"href":"https:\/\/alkaline.lv\/en\/wp-json\/wp\/v2\/product_tag?post=5792"}],"curies":[{"name":"wp","href":"https:\/\/api.w.org\/{rel}","templated":true}]}}