{"id":5794,"date":"2021-08-27T13:19:32","date_gmt":"2021-08-27T10:19:32","guid":{"rendered":"https:\/\/alkaline.lv\/?post_type=product&#038;p=5794"},"modified":"2023-07-18T11:45:35","modified_gmt":"2023-07-18T08:45:35","slug":"skeres-wedo-16cm-sarkani-rokturi-gumijoti","status":"publish","type":"product","link":"https:\/\/alkaline.lv\/en\/products\/skeres-wedo-16cm-sarkani-rokturi-gumijoti\/","title":{"rendered":"\u0160\u0137\u0113res WEDO, 16cm, sarkani rokturi"},"content":{"rendered":"<div class=\"PRODUCT__description desc description\">\n<div id=\"product-47cdb0105df7beb86591e631f7340825\">\n<div class=\"PRODUCT__description desc description\">\n<div id=\"product-fd74915c4301a36cae8461d6a1ded296\">\n<div class=\"PRODUCT__description desc description\">\n<div class=\"PRODUCT__description desc description\">\n<div id=\"product-0285a0a514c34c558d64f6413a61ba8d\">Lieto\u0161anai biroj\u0101 un m\u0101j\u0101s<br \/>\nIzgatavotas no ner\u016bs\u0113jo\u0161\u0101 t\u0113rauda<br \/>\nErgonomiski plastmasas gumijoti rokturi meln\u0101\/sarkan\u0101 kr\u0101s\u0101<\/div>\n<p>&nbsp;<\/p>\n<\/div>\n<div class=\"PRODUCT__actions\">\n<div class=\"PRODUCT__actions-item\"><\/div>\n<\/div>\n<\/div>\n<\/div>\n<\/div>\n<div class=\"PRODUCT__actions\">\n<div class=\"PRODUCT__actions-item\"><\/div>\n<\/div>\n<\/div>\n<\/div>\n<div class=\"PRODUCT__actions\">\n<div class=\"PRODUCT__actions-item\"><\/div>\n<\/div>\n","protected":false},"excerpt":{"rendered":"<p>Lieto\u0161anai biroj\u0101 un m\u0101j\u0101s Izgatavotas no ner\u016bs\u0113jo\u0161\u0101 t\u0113rauda Ergonomiski plastmasas gumijoti rokturi meln\u0101\/sarkan\u0101 kr\u0101s\u0101 &nbsp;<\/p>\n","protected":false},"featured_media":5795,"template":"","meta":{"inline_featured_image":false},"product_cat":[307],"product_tag":[],"class_list":{"0":"post-5794","1":"product","2":"type-product","3":"status-publish","4":"has-post-thumbnail","6":"product_cat-skeres","8":"first","9":"instock","10":"taxable","11":"shipping-taxable","12":"purchasable","13":"product-type-simple","14":"add-to-wishlist-after_add_to_cart"},"_links":{"self":[{"href":"https:\/\/alkaline.lv\/en\/wp-json\/wp\/v2\/product\/5794"}],"collection":[{"href":"https:\/\/alkaline.lv\/en\/wp-json\/wp\/v2\/product"}],"about":[{"href":"https:\/\/alkaline.lv\/en\/wp-json\/wp\/v2\/types\/product"}],"wp:featuredmedia":[{"embeddable":true,"href":"https:\/\/alkaline.lv\/en\/wp-json\/wp\/v2\/media\/5795"}],"wp:attachment":[{"href":"https:\/\/alkaline.lv\/en\/wp-json\/wp\/v2\/media?parent=5794"}],"wp:term":[{"taxonomy":"product_cat","embeddable":true,"href":"https:\/\/alkaline.lv\/en\/wp-json\/wp\/v2\/product_cat?post=5794"},{"taxonomy":"product_tag","embeddable":true,"href":"https:\/\/alkaline.lv\/en\/wp-json\/wp\/v2\/product_tag?post=5794"}],"curies":[{"name":"wp","href":"https:\/\/api.w.org\/{rel}","templated":true}]}}