{"id":58094,"date":"2023-08-29T10:54:30","date_gmt":"2023-08-29T07:54:30","guid":{"rendered":"https:\/\/alkaline.lv\/?post_type=product&#038;p=58094"},"modified":"2024-02-23T15:12:18","modified_gmt":"2024-02-23T13:12:18","slug":"papira-maisi-taski-aero-8-15-puteklusucejiem10gab","status":"publish","type":"product","link":"https:\/\/alkaline.lv\/en\/products\/papira-maisi-taski-aero-8-15-puteklusucejiem10gab\/","title":{"rendered":"Pap\u012bra maisi TASKI AERO 8\/15 putek\u013cus\u016bc\u0113jiem,10gab"},"content":{"rendered":"","protected":false},"excerpt":{"rendered":"<div class=\"item_meta\"><\/div>\n<div><\/div>\n","protected":false},"featured_media":58095,"template":"","meta":{"inline_featured_image":false},"product_cat":[130],"product_tag":[],"class_list":{"0":"post-58094","1":"product","2":"type-product","3":"status-publish","4":"has-post-thumbnail","6":"product_cat-puteklu-suceji","8":"first","9":"instock","10":"taxable","11":"shipping-taxable","12":"purchasable","13":"product-type-simple","14":"add-to-wishlist-after_add_to_cart"},"_links":{"self":[{"href":"https:\/\/alkaline.lv\/en\/wp-json\/wp\/v2\/product\/58094","targetHints":{"allow":["GET"]}}],"collection":[{"href":"https:\/\/alkaline.lv\/en\/wp-json\/wp\/v2\/product"}],"about":[{"href":"https:\/\/alkaline.lv\/en\/wp-json\/wp\/v2\/types\/product"}],"wp:featuredmedia":[{"embeddable":true,"href":"https:\/\/alkaline.lv\/en\/wp-json\/wp\/v2\/media\/58095"}],"wp:attachment":[{"href":"https:\/\/alkaline.lv\/en\/wp-json\/wp\/v2\/media?parent=58094"}],"wp:term":[{"taxonomy":"product_cat","embeddable":true,"href":"https:\/\/alkaline.lv\/en\/wp-json\/wp\/v2\/product_cat?post=58094"},{"taxonomy":"product_tag","embeddable":true,"href":"https:\/\/alkaline.lv\/en\/wp-json\/wp\/v2\/product_tag?post=58094"}],"curies":[{"name":"wp","href":"https:\/\/api.w.org\/{rel}","templated":true}]}}