{"id":58299,"date":"2023-08-31T11:29:29","date_gmt":"2023-08-31T08:29:29","guid":{"rendered":"https:\/\/alkaline.lv\/?post_type=product&#038;p=58299"},"modified":"2023-08-31T11:31:26","modified_gmt":"2023-08-31T08:31:26","slug":"domestos-citrus-tualetes-bloks-traucina-40g","status":"publish","type":"product","link":"https:\/\/alkaline.lv\/en\/products\/domestos-citrus-tualetes-bloks-traucina-40g\/","title":{"rendered":"DOMESTOS Citrus tualetes bloks traucina, 40g"},"content":{"rendered":"<div class=\"card__header\">\n<div class=\"card__header\">\n<div class=\"card__header\">\n<h2 class=\"card__title heading h3\">Apraksts<\/h2>\n<\/div>\n<div class=\"card__section \">\n<div class=\"rte text--pull\">\n<p>Ar 3 \u012bpa\u0161\u0101m k\u0101rt\u0101m un 3 veidu iedarb\u012bbu: 1.not\u012bra bakt\u0113riju veido\u0161an\u0101s vietu; 2. nov\u0113r\u0161 nehigi\u0113nisk\u0101 ka\u013c\u0137akmens veido\u0161anos; 3. aromatiz\u0113t\u0101 g\u0113la k\u0101rta atsvaidzina.<\/p>\n<p>&nbsp;<\/p>\n<p><strong>Sast\u0101vda\u013cas<\/strong><\/p>\n<p>N\u0101trija sulf\u0101ts, n\u0101trija doedecilbenzolsulfon\u0101ts, etoksil\u0113tie spirti, parf\u012bms, pentan\u0101trija trifosf\u0101ts, \u016bdens, n\u0101trija citr\u0101ts, line\u0101rais alkilbenzols, n\u0101trija hlor\u012bds, tit\u0101na dioks\u012bds, linalols, limon\u0113ns, citr\u0101ls, kr\u0101svielas.<\/p>\n<p>&nbsp;<\/p>\n<p><strong>B\u012bstami!<\/strong><br \/>\nH318 &#8211; Izraisa nopietnus acu boj\u0101jumus.<br \/>\nH315 &#8211; Kairina \u0101du.<br \/>\nH412 &#8211; Kait\u012bgs \u016bdens organismiem ar ilgsto\u0161\u0101m sek\u0101m.<br \/>\nP102 &#8211; Sarg\u0101t no b\u0113rniem.<\/p>\n<p>&nbsp;<\/p>\n<p><strong>Uzglab\u0101\u0161ana<\/strong><\/p>\n<p>Uzglab\u0101t saus\u0101, v\u0113s\u0101 un tum\u0161\u0101 viet\u0101.<\/p>\n<\/div>\n<\/div>\n<\/div>\n<\/div>\n","protected":false},"excerpt":{"rendered":"<div class=\"item_meta\"><\/div>\n<div><\/div>\n","protected":false},"featured_media":58300,"template":"","meta":{"inline_featured_image":false},"product_cat":[239],"product_tag":[],"class_list":{"0":"post-58299","1":"product","2":"type-product","3":"status-publish","4":"has-post-thumbnail","6":"product_cat-wc-ieliktni-un-pisuara-tabletes","8":"first","9":"instock","10":"taxable","11":"shipping-taxable","12":"purchasable","13":"product-type-simple","14":"add-to-wishlist-after_add_to_cart"},"_links":{"self":[{"href":"https:\/\/alkaline.lv\/en\/wp-json\/wp\/v2\/product\/58299","targetHints":{"allow":["GET"]}}],"collection":[{"href":"https:\/\/alkaline.lv\/en\/wp-json\/wp\/v2\/product"}],"about":[{"href":"https:\/\/alkaline.lv\/en\/wp-json\/wp\/v2\/types\/product"}],"wp:featuredmedia":[{"embeddable":true,"href":"https:\/\/alkaline.lv\/en\/wp-json\/wp\/v2\/media\/58300"}],"wp:attachment":[{"href":"https:\/\/alkaline.lv\/en\/wp-json\/wp\/v2\/media?parent=58299"}],"wp:term":[{"taxonomy":"product_cat","embeddable":true,"href":"https:\/\/alkaline.lv\/en\/wp-json\/wp\/v2\/product_cat?post=58299"},{"taxonomy":"product_tag","embeddable":true,"href":"https:\/\/alkaline.lv\/en\/wp-json\/wp\/v2\/product_tag?post=58299"}],"curies":[{"name":"wp","href":"https:\/\/api.w.org\/{rel}","templated":true}]}}