{"id":5842,"date":"2021-08-27T14:19:08","date_gmt":"2021-08-27T11:19:08","guid":{"rendered":"https:\/\/alkaline.lv\/?post_type=product&#038;p=5842"},"modified":"2021-08-27T14:24:52","modified_gmt":"2021-08-27T11:24:52","slug":"gumijas-naudas-iesainosanai-alco-761-130x10mm-1kg","status":"publish","type":"product","link":"https:\/\/alkaline.lv\/en\/products\/gumijas-naudas-iesainosanai-alco-761-130x10mm-1kg\/","title":{"rendered":"Gumijas naudas iesai\u0146o\u0161anai ALCO, 761 130x10mm 1kg"},"content":{"rendered":"<div class=\"PRODUCT__description desc description\">\n<div id=\"product-47cdb0105df7beb86591e631f7340825\">\n<div class=\"PRODUCT__description desc description\">\n<div id=\"product-fd74915c4301a36cae8461d6a1ded296\">\n<div class=\"PRODUCT__description desc description\">\n<div class=\"PRODUCT__description desc description\">\n<div id=\"product-0285a0a514c34c558d64f6413a61ba8d\">\n<div class=\"PRODUCT__description desc description\">\n<div id=\"product-90ce6157090070b22cef88d923ce4256\">\n<div class=\"PRODUCT__description desc description\">\n<div id=\"product-dcd30cacceb66003b4278a5fbacba163\">\n<div class=\"PRODUCT__description desc description\">\n<div id=\"product-53600fe46a373797f16dfd479a5fa815\">\n<div class=\"PRODUCT__description desc description\">\n<div id=\"product-99f0a6e7c29a846aab4475957ee8fbab\">\n<div class=\"PRODUCT__description desc description\">1 kg, sarkan\u0101 kr\u0101s\u0101<br \/>\nizm\u0113rs 130 x 10 mm(izm\u0113r\u012bts saliekot plakaniski)<\/div>\n<div class=\"PRODUCT__actions\">\n<div class=\"PRODUCT__actions-item\"><\/div>\n<\/div>\n<\/div>\n<\/div>\n<\/div>\n<\/div>\n<\/div>\n<p>&nbsp;<\/p>\n<\/div>\n<div class=\"PRODUCT__actions\">\n<div class=\"PRODUCT__actions-item\"><\/div>\n<\/div>\n<\/div>\n<p>&nbsp;<\/p>\n<\/div>\n<div class=\"PRODUCT__actions\">\n<div class=\"PRODUCT__actions-item\"><\/div>\n<\/div>\n<\/div>\n<p>&nbsp;<\/p>\n<\/div>\n<div class=\"PRODUCT__actions\">\n<div class=\"PRODUCT__actions-item\"><\/div>\n<\/div>\n<\/div>\n<\/div>\n<\/div>\n<div class=\"PRODUCT__actions\">\n<div class=\"PRODUCT__actions-item\"><\/div>\n<\/div>\n<\/div>\n<\/div>\n<div class=\"PRODUCT__actions\">\n<div class=\"PRODUCT__actions-item\"><\/div>\n<\/div>\n","protected":false},"excerpt":{"rendered":"<div class=\"item_meta\">Cena ar PVN<span style=\"color: #ff0000;\"><strong> 15,81 \u20ac<\/strong><\/span><\/div>\n","protected":false},"featured_media":5843,"template":"","meta":{"inline_featured_image":false},"product_cat":[309],"product_tag":[],"class_list":{"0":"post-5842","1":"product","2":"type-product","3":"status-publish","4":"has-post-thumbnail","6":"product_cat-naudas-gumijas","8":"first","9":"instock","10":"taxable","11":"shipping-taxable","12":"purchasable","13":"product-type-simple","14":"add-to-wishlist-after_add_to_cart"},"_links":{"self":[{"href":"https:\/\/alkaline.lv\/en\/wp-json\/wp\/v2\/product\/5842"}],"collection":[{"href":"https:\/\/alkaline.lv\/en\/wp-json\/wp\/v2\/product"}],"about":[{"href":"https:\/\/alkaline.lv\/en\/wp-json\/wp\/v2\/types\/product"}],"wp:featuredmedia":[{"embeddable":true,"href":"https:\/\/alkaline.lv\/en\/wp-json\/wp\/v2\/media\/5843"}],"wp:attachment":[{"href":"https:\/\/alkaline.lv\/en\/wp-json\/wp\/v2\/media?parent=5842"}],"wp:term":[{"taxonomy":"product_cat","embeddable":true,"href":"https:\/\/alkaline.lv\/en\/wp-json\/wp\/v2\/product_cat?post=5842"},{"taxonomy":"product_tag","embeddable":true,"href":"https:\/\/alkaline.lv\/en\/wp-json\/wp\/v2\/product_tag?post=5842"}],"curies":[{"name":"wp","href":"https:\/\/api.w.org\/{rel}","templated":true}]}}