{"id":5846,"date":"2021-08-27T14:36:39","date_gmt":"2021-08-27T11:36:39","guid":{"rendered":"https:\/\/alkaline.lv\/?post_type=product&#038;p=5846"},"modified":"2022-05-31T21:09:37","modified_gmt":"2022-05-31T18:09:37","slug":"naudas-kaste-wedo-152x115x80-mm-melna","status":"publish","type":"product","link":"https:\/\/alkaline.lv\/en\/products\/naudas-kaste-wedo-152x115x80-mm-melna\/","title":{"rendered":"Naudas kaste WEDO, 152x115x80 mm, melna"},"content":{"rendered":"<div class=\"PRODUCT__description desc description\">\n<div id=\"product-47cdb0105df7beb86591e631f7340825\">\n<div class=\"PRODUCT__description desc description\">\n<div id=\"product-fd74915c4301a36cae8461d6a1ded296\">\n<div class=\"PRODUCT__description desc description\">\n<div class=\"PRODUCT__description desc description\">\n<div id=\"product-0285a0a514c34c558d64f6413a61ba8d\">\n<div class=\"PRODUCT__description desc description\">\n<div id=\"product-90ce6157090070b22cef88d923ce4256\">\n<div class=\"PRODUCT__description desc description\">\n<div id=\"product-dcd30cacceb66003b4278a5fbacba163\">\n<div class=\"PRODUCT__description desc description\">\n<div id=\"product-53600fe46a373797f16dfd479a5fa815\">\n<div class=\"PRODUCT__description desc description\">\n<div id=\"product-99f0a6e7c29a846aab4475957ee8fbab\">\n<div class=\"PRODUCT__description desc description\">Izgatavota no iztur\u012bga met\u0101la<br \/>\nAr nodal\u012bjumiem pap\u012bra banknot\u0113m un met\u0101la mon\u0113t\u0101m<br \/>\nKomplekt\u0101 ar iztur\u012bgu sl\u0113dzeni un div\u0101m atsl\u0113gam<br \/>\nAr klipu pap\u012bra banknot\u0113m<br \/>\nAr rokturi<br \/>\nMeln\u0101 kr\u0101s\u0101<br \/>\nIzm\u0113rs: 152 x 115 x 80 mm<\/div>\n<\/div>\n<\/div>\n<\/div>\n<\/div>\n<\/div>\n<\/div>\n<div class=\"PRODUCT__actions\">\n<div class=\"PRODUCT__actions-item\"><\/div>\n<\/div>\n<\/div>\n<p>&nbsp;<\/p>\n<\/div>\n<div class=\"PRODUCT__actions\">\n<div class=\"PRODUCT__actions-item\"><\/div>\n<\/div>\n<\/div>\n<p>&nbsp;<\/p>\n<\/div>\n<div class=\"PRODUCT__actions\">\n<div class=\"PRODUCT__actions-item\"><\/div>\n<\/div>\n<\/div>\n<\/div>\n<\/div>\n<div class=\"PRODUCT__actions\">\n<div class=\"PRODUCT__actions-item\"><\/div>\n<\/div>\n<\/div>\n<\/div>\n<div class=\"PRODUCT__actions\">\n<div class=\"PRODUCT__actions-item\"><\/div>\n<\/div>\n","protected":false},"excerpt":{"rendered":"<div class=\"item_meta\">Cena ar PVN<span style=\"color: #ff0000;\"><strong> 21,59 \u20ac<\/strong><\/span><\/div>\n","protected":false},"featured_media":5847,"template":"","meta":{"inline_featured_image":false},"product_cat":[310],"product_tag":[],"class_list":{"0":"post-5846","1":"product","2":"type-product","3":"status-publish","4":"has-post-thumbnail","6":"product_cat-naudas-un-atslegu-kastes","8":"first","9":"outofstock","10":"taxable","11":"shipping-taxable","12":"purchasable","13":"product-type-simple","14":"add-to-wishlist-after_add_to_cart"},"_links":{"self":[{"href":"https:\/\/alkaline.lv\/en\/wp-json\/wp\/v2\/product\/5846"}],"collection":[{"href":"https:\/\/alkaline.lv\/en\/wp-json\/wp\/v2\/product"}],"about":[{"href":"https:\/\/alkaline.lv\/en\/wp-json\/wp\/v2\/types\/product"}],"wp:featuredmedia":[{"embeddable":true,"href":"https:\/\/alkaline.lv\/en\/wp-json\/wp\/v2\/media\/5847"}],"wp:attachment":[{"href":"https:\/\/alkaline.lv\/en\/wp-json\/wp\/v2\/media?parent=5846"}],"wp:term":[{"taxonomy":"product_cat","embeddable":true,"href":"https:\/\/alkaline.lv\/en\/wp-json\/wp\/v2\/product_cat?post=5846"},{"taxonomy":"product_tag","embeddable":true,"href":"https:\/\/alkaline.lv\/en\/wp-json\/wp\/v2\/product_tag?post=5846"}],"curies":[{"name":"wp","href":"https:\/\/api.w.org\/{rel}","templated":true}]}}