{"id":5849,"date":"2021-08-27T14:40:35","date_gmt":"2021-08-27T11:40:35","guid":{"rendered":"https:\/\/alkaline.lv\/?post_type=product&#038;p=5849"},"modified":"2022-07-12T13:10:58","modified_gmt":"2022-07-12T10:10:58","slug":"atslegu-piekarini-wedo-rinkis-asorti","status":"publish","type":"product","link":"https:\/\/alkaline.lv\/en\/products\/atslegu-piekarini-wedo-rinkis-asorti\/","title":{"rendered":"Atsl\u0113gu piekari\u0146i Wedo, ri\u0146\u0137is, asorti"},"content":{"rendered":"<div class=\"PRODUCT__description desc description\">\n<div id=\"product-47cdb0105df7beb86591e631f7340825\">\n<div class=\"PRODUCT__description desc description\">\n<div id=\"product-fd74915c4301a36cae8461d6a1ded296\">\n<div class=\"PRODUCT__description desc description\">\n<div class=\"PRODUCT__description desc description\">\n<div id=\"product-0285a0a514c34c558d64f6413a61ba8d\">\n<div class=\"PRODUCT__description desc description\">\n<div id=\"product-90ce6157090070b22cef88d923ce4256\">\n<div class=\"PRODUCT__description desc description\">\n<div id=\"product-dcd30cacceb66003b4278a5fbacba163\">\n<div class=\"PRODUCT__description desc description\">\n<div id=\"product-53600fe46a373797f16dfd479a5fa815\">\n<div class=\"PRODUCT__description desc description\">\n<div id=\"product-99f0a6e7c29a846aab4475957ee8fbab\">\n<div>Produkts tiek p\u0101rdots pilnos iepakojumos. Daudzums iepakojum\u0101:10 Gab.<\/div>\n<div class=\"PRODUCT__description desc description\">Atsl\u0113gu piekari\u0146\u0161 ar met\u0101la gredzenu, diametrs 24 mm, ar vietu eti\u0137etei<\/div>\n<\/div>\n<\/div>\n<\/div>\n<\/div>\n<\/div>\n<\/div>\n<div class=\"PRODUCT__actions\">\n<div class=\"PRODUCT__actions-item\"><\/div>\n<\/div>\n<\/div>\n<p>&nbsp;<\/p>\n<\/div>\n<div class=\"PRODUCT__actions\">\n<div class=\"PRODUCT__actions-item\"><\/div>\n<\/div>\n<\/div>\n<p>&nbsp;<\/p>\n<\/div>\n<div class=\"PRODUCT__actions\">\n<div class=\"PRODUCT__actions-item\"><\/div>\n<\/div>\n<\/div>\n<\/div>\n<\/div>\n<div class=\"PRODUCT__actions\">\n<div class=\"PRODUCT__actions-item\"><\/div>\n<\/div>\n<\/div>\n<\/div>\n<div class=\"PRODUCT__actions\">\n<div class=\"PRODUCT__actions-item\"><\/div>\n<\/div>\n","protected":false},"excerpt":{"rendered":"<div class=\"item_meta\">Cena ar PVN<span style=\"color: #ff0000;\"><strong> 0,27 \u20ac<\/strong><\/span><\/div>\n","protected":false},"featured_media":5850,"template":"","meta":{"inline_featured_image":false},"product_cat":[310],"product_tag":[],"class_list":{"0":"post-5849","1":"product","2":"type-product","3":"status-publish","4":"has-post-thumbnail","6":"product_cat-naudas-un-atslegu-kastes","8":"first","9":"instock","10":"taxable","11":"shipping-taxable","12":"purchasable","13":"product-type-simple","14":"add-to-wishlist-after_add_to_cart"},"_links":{"self":[{"href":"https:\/\/alkaline.lv\/en\/wp-json\/wp\/v2\/product\/5849"}],"collection":[{"href":"https:\/\/alkaline.lv\/en\/wp-json\/wp\/v2\/product"}],"about":[{"href":"https:\/\/alkaline.lv\/en\/wp-json\/wp\/v2\/types\/product"}],"wp:featuredmedia":[{"embeddable":true,"href":"https:\/\/alkaline.lv\/en\/wp-json\/wp\/v2\/media\/5850"}],"wp:attachment":[{"href":"https:\/\/alkaline.lv\/en\/wp-json\/wp\/v2\/media?parent=5849"}],"wp:term":[{"taxonomy":"product_cat","embeddable":true,"href":"https:\/\/alkaline.lv\/en\/wp-json\/wp\/v2\/product_cat?post=5849"},{"taxonomy":"product_tag","embeddable":true,"href":"https:\/\/alkaline.lv\/en\/wp-json\/wp\/v2\/product_tag?post=5849"}],"curies":[{"name":"wp","href":"https:\/\/api.w.org\/{rel}","templated":true}]}}