{"id":5871,"date":"2021-08-27T15:20:03","date_gmt":"2021-08-27T12:20:03","guid":{"rendered":"https:\/\/alkaline.lv\/?post_type=product&#038;p=5871"},"modified":"2022-07-12T13:12:13","modified_gmt":"2022-07-12T10:12:13","slug":"kancelejas-nazis-wedo-18-mm-6-asmeni","status":"publish","type":"product","link":"https:\/\/alkaline.lv\/en\/products\/kancelejas-nazis-wedo-18-mm-6-asmeni\/","title":{"rendered":"Kancelejas nazis WEDO 18 mm + 6 asme\u0146i"},"content":{"rendered":"<div class=\"PRODUCT__description desc description\">\n<div id=\"product-47cdb0105df7beb86591e631f7340825\">\n<div class=\"PRODUCT__description desc description\">\n<div id=\"product-fd74915c4301a36cae8461d6a1ded296\">\n<div class=\"PRODUCT__description desc description\">\n<div class=\"PRODUCT__description desc description\">\n<div id=\"product-0285a0a514c34c558d64f6413a61ba8d\">\n<div class=\"PRODUCT__description desc description\">\n<div id=\"product-90ce6157090070b22cef88d923ce4256\">\n<div class=\"PRODUCT__description desc description\">\n<div id=\"product-dcd30cacceb66003b4278a5fbacba163\">\n<div class=\"PRODUCT__description desc description\">\n<div id=\"product-53600fe46a373797f16dfd479a5fa815\">\n<div class=\"PRODUCT__description desc description\">\n<div id=\"product-99f0a6e7c29a846aab4475957ee8fbab\">\n<div class=\"PRODUCT__description desc description\">\n<div id=\"product-2651136b1cecf5f8917fba2a14e13ce6\">\n<div class=\"PRODUCT__description desc description\">\n<div id=\"product-93adfc5f013ad79930890dce4f83dafc\">Ergonomisks gumijots rokturis<br \/>\nNekust\u012bga met\u0101la aptvere<br \/>\nIzb\u012bd\u0101mi t\u0113rauda asme\u0146i<br \/>\nNazis p\u0101rdodas komplekt\u0101 ar 6 asme\u0146iem<\/div>\n<\/div>\n<\/div>\n<\/div>\n<\/div>\n<\/div>\n<\/div>\n<\/div>\n<\/div>\n<\/div>\n<\/div>\n<\/div>\n<\/div>\n<\/div>\n<\/div>\n<\/div>\n<\/div>\n<div class=\"PRODUCT__actions\">\n<div class=\"PRODUCT__actions-item\"><\/div>\n<\/div>\n<\/div>\n<\/div>\n<div class=\"PRODUCT__actions\">\n<div class=\"PRODUCT__actions-item\"><\/div>\n<\/div>\n","protected":false},"excerpt":{"rendered":"<div class=\"item_meta\">Cena ar PVN<span style=\"color: #ff0000;\"><strong> 7,24 \u20ac<\/strong><\/span><\/div>\n","protected":false},"featured_media":5872,"template":"","meta":{"inline_featured_image":false},"product_cat":[590],"product_tag":[],"class_list":{"0":"post-5871","1":"product","2":"type-product","3":"status-publish","4":"has-post-thumbnail","6":"product_cat-aploksnu-un-kancelejas-nazi","8":"first","9":"instock","10":"taxable","11":"shipping-taxable","12":"purchasable","13":"product-type-simple","14":"add-to-wishlist-after_add_to_cart"},"_links":{"self":[{"href":"https:\/\/alkaline.lv\/en\/wp-json\/wp\/v2\/product\/5871","targetHints":{"allow":["GET"]}}],"collection":[{"href":"https:\/\/alkaline.lv\/en\/wp-json\/wp\/v2\/product"}],"about":[{"href":"https:\/\/alkaline.lv\/en\/wp-json\/wp\/v2\/types\/product"}],"wp:featuredmedia":[{"embeddable":true,"href":"https:\/\/alkaline.lv\/en\/wp-json\/wp\/v2\/media\/5872"}],"wp:attachment":[{"href":"https:\/\/alkaline.lv\/en\/wp-json\/wp\/v2\/media?parent=5871"}],"wp:term":[{"taxonomy":"product_cat","embeddable":true,"href":"https:\/\/alkaline.lv\/en\/wp-json\/wp\/v2\/product_cat?post=5871"},{"taxonomy":"product_tag","embeddable":true,"href":"https:\/\/alkaline.lv\/en\/wp-json\/wp\/v2\/product_tag?post=5871"}],"curies":[{"name":"wp","href":"https:\/\/api.w.org\/{rel}","templated":true}]}}