{"id":5889,"date":"2021-08-27T15:33:58","date_gmt":"2021-08-27T12:33:58","guid":{"rendered":"https:\/\/alkaline.lv\/?post_type=product&#038;p=5889"},"modified":"2022-07-12T13:12:13","modified_gmt":"2022-07-12T10:12:13","slug":"nazis-kancelejas-wedo-9mm-automatiska-asmenu-maina-6-asmeni","status":"publish","type":"product","link":"https:\/\/alkaline.lv\/en\/products\/nazis-kancelejas-wedo-9mm-automatiska-asmenu-maina-6-asmeni\/","title":{"rendered":"Nazis kancelejas WEDO 9mm, autom\u0101tiska asme\u0146u mai\u0146a, +6 asme\u0146i"},"content":{"rendered":"","protected":false},"excerpt":{"rendered":"<div class=\"item_meta\">Cena ar PVN <span style=\"color: #ff0000;\"><strong>3,91 \u20ac<\/strong><\/span><\/div>\n","protected":false},"featured_media":5890,"template":"","meta":{"inline_featured_image":false},"product_cat":[590],"product_tag":[],"class_list":{"0":"post-5889","1":"product","2":"type-product","3":"status-publish","4":"has-post-thumbnail","6":"product_cat-aploksnu-un-kancelejas-nazi","8":"first","9":"instock","10":"taxable","11":"shipping-taxable","12":"purchasable","13":"product-type-simple","14":"add-to-wishlist-after_add_to_cart"},"_links":{"self":[{"href":"https:\/\/alkaline.lv\/en\/wp-json\/wp\/v2\/product\/5889","targetHints":{"allow":["GET"]}}],"collection":[{"href":"https:\/\/alkaline.lv\/en\/wp-json\/wp\/v2\/product"}],"about":[{"href":"https:\/\/alkaline.lv\/en\/wp-json\/wp\/v2\/types\/product"}],"wp:featuredmedia":[{"embeddable":true,"href":"https:\/\/alkaline.lv\/en\/wp-json\/wp\/v2\/media\/5890"}],"wp:attachment":[{"href":"https:\/\/alkaline.lv\/en\/wp-json\/wp\/v2\/media?parent=5889"}],"wp:term":[{"taxonomy":"product_cat","embeddable":true,"href":"https:\/\/alkaline.lv\/en\/wp-json\/wp\/v2\/product_cat?post=5889"},{"taxonomy":"product_tag","embeddable":true,"href":"https:\/\/alkaline.lv\/en\/wp-json\/wp\/v2\/product_tag?post=5889"}],"curies":[{"name":"wp","href":"https:\/\/api.w.org\/{rel}","templated":true}]}}