{"id":5895,"date":"2021-08-27T15:43:20","date_gmt":"2021-08-27T12:43:20","guid":{"rendered":"https:\/\/alkaline.lv\/?post_type=product&#038;p=5895"},"modified":"2022-05-31T20:54:16","modified_gmt":"2022-05-31T17:54:16","slug":"kaju-paliktnis-fellowes-hana-melns","status":"publish","type":"product","link":"https:\/\/alkaline.lv\/en\/products\/kaju-paliktnis-fellowes-hana-melns\/","title":{"rendered":"K\u0101ju paliktnis FELLOWES Hana\u2122 melns"},"content":{"rendered":"<p>Atbalstiet k\u0101jas un veiciniet kust\u012bbas, lai uzlabotu asins cirkul\u0101ciju un muguras komfortu.<br \/>\nVeicina kust\u012bbu ar akt\u012bv\u0101s kust\u012bbas funkciju, kas \u013cauj elast\u012bgi p\u0101rvietoties uz platformas.<\/p>\n","protected":false},"excerpt":{"rendered":"<div class=\"item_meta\">Cena ar PVN <span style=\"color: #ff0000;\"><strong>174,24 \u20ac<\/strong><\/span><\/div>\n","protected":false},"featured_media":5896,"template":"","meta":{"inline_featured_image":false},"product_cat":[280],"product_tag":[],"class_list":{"0":"post-5895","1":"product","2":"type-product","3":"status-publish","4":"has-post-thumbnail","6":"product_cat-kaju-paliktni","8":"first","9":"instock","10":"taxable","11":"shipping-taxable","12":"purchasable","13":"product-type-simple","14":"add-to-wishlist-after_add_to_cart"},"_links":{"self":[{"href":"https:\/\/alkaline.lv\/en\/wp-json\/wp\/v2\/product\/5895"}],"collection":[{"href":"https:\/\/alkaline.lv\/en\/wp-json\/wp\/v2\/product"}],"about":[{"href":"https:\/\/alkaline.lv\/en\/wp-json\/wp\/v2\/types\/product"}],"wp:featuredmedia":[{"embeddable":true,"href":"https:\/\/alkaline.lv\/en\/wp-json\/wp\/v2\/media\/5896"}],"wp:attachment":[{"href":"https:\/\/alkaline.lv\/en\/wp-json\/wp\/v2\/media?parent=5895"}],"wp:term":[{"taxonomy":"product_cat","embeddable":true,"href":"https:\/\/alkaline.lv\/en\/wp-json\/wp\/v2\/product_cat?post=5895"},{"taxonomy":"product_tag","embeddable":true,"href":"https:\/\/alkaline.lv\/en\/wp-json\/wp\/v2\/product_tag?post=5895"}],"curies":[{"name":"wp","href":"https:\/\/api.w.org\/{rel}","templated":true}]}}