{"id":5903,"date":"2021-08-27T15:50:53","date_gmt":"2021-08-27T12:50:53","guid":{"rendered":"https:\/\/alkaline.lv\/?post_type=product&#038;p=5903"},"modified":"2022-05-31T21:06:34","modified_gmt":"2022-05-31T18:06:34","slug":"kaju-paliktnis-fellowes-professional-series-ultimate","status":"publish","type":"product","link":"https:\/\/alkaline.lv\/en\/products\/kaju-paliktnis-fellowes-professional-series-ultimate\/","title":{"rendered":"K\u0101ju paliktnis FELLOWES Professional Series Ultimate"},"content":{"rendered":"<p>Paaugstina p\u0113das un k\u0101jas, lai atvieglotu spiedienu mugurai<br \/>\n\u0160\u0137\u0113rveida augstuma regul\u0113\u0161ana nodro\u0161ina tr\u012bs poz\u012bcijas 100mm, 135mm un 165mm<br \/>\nVirsmas mas\u0101\u017eas izci\u013c\u0146i mazina stresu un atjaunot ener\u0123iju noguru\u0161aj\u0101s k\u0101j\u0101s<br \/>\nNav noteikta le\u0146\u0137a, \u013caujot \u0161\u016bpo\u0161an\u0101s kust\u012bbu, lai uzlabotu asinsriti<br \/>\nPlatformas dizains veicina pareizu izvietojumu k\u0101j\u0101m<br \/>\nIzm\u0113ri H 10.48cm x W 45.09cm x D 33.66cm<br \/>\nSvars 2.22kg<\/p>\n","protected":false},"excerpt":{"rendered":"<div class=\"item_meta\">Cena ar PVN <span style=\"color: #ff0000;\"><strong>77,44 \u20ac<\/strong><\/span><\/div>\n","protected":false},"featured_media":5904,"template":"","meta":{"inline_featured_image":false},"product_cat":[280],"product_tag":[],"class_list":{"0":"post-5903","1":"product","2":"type-product","3":"status-publish","4":"has-post-thumbnail","6":"product_cat-kaju-paliktni","8":"first","9":"instock","10":"taxable","11":"shipping-taxable","12":"purchasable","13":"product-type-simple","14":"add-to-wishlist-after_add_to_cart"},"_links":{"self":[{"href":"https:\/\/alkaline.lv\/en\/wp-json\/wp\/v2\/product\/5903"}],"collection":[{"href":"https:\/\/alkaline.lv\/en\/wp-json\/wp\/v2\/product"}],"about":[{"href":"https:\/\/alkaline.lv\/en\/wp-json\/wp\/v2\/types\/product"}],"wp:featuredmedia":[{"embeddable":true,"href":"https:\/\/alkaline.lv\/en\/wp-json\/wp\/v2\/media\/5904"}],"wp:attachment":[{"href":"https:\/\/alkaline.lv\/en\/wp-json\/wp\/v2\/media?parent=5903"}],"wp:term":[{"taxonomy":"product_cat","embeddable":true,"href":"https:\/\/alkaline.lv\/en\/wp-json\/wp\/v2\/product_cat?post=5903"},{"taxonomy":"product_tag","embeddable":true,"href":"https:\/\/alkaline.lv\/en\/wp-json\/wp\/v2\/product_tag?post=5903"}],"curies":[{"name":"wp","href":"https:\/\/api.w.org\/{rel}","templated":true}]}}