{"id":5918,"date":"2021-08-27T16:46:28","date_gmt":"2021-08-27T13:46:28","guid":{"rendered":"https:\/\/alkaline.lv\/?post_type=product&#038;p=5918"},"modified":"2022-07-12T13:11:50","modified_gmt":"2022-07-12T10:11:50","slug":"galda-segums-durable-duraglas-ar-izmeru-50x65cm-caurspidigi-matets","status":"publish","type":"product","link":"https:\/\/alkaline.lv\/en\/products\/galda-segums-durable-duraglas-ar-izmeru-50x65cm-caurspidigi-matets\/","title":{"rendered":"Galda segums Durable Duraglas ar izm\u0113ru 50x65cm, caursp\u012bd\u012bgi mat\u0113ts"},"content":{"rendered":"<p>Caursp\u012bd\u012bgs<br \/>\nNesl\u012bdo\u0161s<br \/>\nIzgatavots no speci\u0101la polipropil\u0113na<\/p>\n","protected":false},"excerpt":{"rendered":"<div class=\"item_meta\">Cena ar PVN <span style=\"color: #ff0000;\"><strong>16,51 \u20ac<\/strong><\/span><\/div>\n","protected":false},"featured_media":5919,"template":"","meta":{"inline_featured_image":false},"product_cat":[312],"product_tag":[],"class_list":{"0":"post-5918","1":"product","2":"type-product","3":"status-publish","4":"has-post-thumbnail","6":"product_cat-galda-segumi","8":"first","9":"instock","10":"taxable","11":"shipping-taxable","12":"purchasable","13":"product-type-simple","14":"add-to-wishlist-after_add_to_cart"},"_links":{"self":[{"href":"https:\/\/alkaline.lv\/en\/wp-json\/wp\/v2\/product\/5918","targetHints":{"allow":["GET"]}}],"collection":[{"href":"https:\/\/alkaline.lv\/en\/wp-json\/wp\/v2\/product"}],"about":[{"href":"https:\/\/alkaline.lv\/en\/wp-json\/wp\/v2\/types\/product"}],"wp:featuredmedia":[{"embeddable":true,"href":"https:\/\/alkaline.lv\/en\/wp-json\/wp\/v2\/media\/5919"}],"wp:attachment":[{"href":"https:\/\/alkaline.lv\/en\/wp-json\/wp\/v2\/media?parent=5918"}],"wp:term":[{"taxonomy":"product_cat","embeddable":true,"href":"https:\/\/alkaline.lv\/en\/wp-json\/wp\/v2\/product_cat?post=5918"},{"taxonomy":"product_tag","embeddable":true,"href":"https:\/\/alkaline.lv\/en\/wp-json\/wp\/v2\/product_tag?post=5918"}],"curies":[{"name":"wp","href":"https:\/\/api.w.org\/{rel}","templated":true}]}}