{"id":5920,"date":"2021-08-27T16:48:14","date_gmt":"2021-08-27T13:48:14","guid":{"rendered":"https:\/\/alkaline.lv\/?post_type=product&#038;p=5920"},"modified":"2025-08-26T22:22:20","modified_gmt":"2025-08-26T19:22:20","slug":"galda-segums-ar-plevi-bantex-49x65-cm-melns","status":"publish","type":"product","link":"https:\/\/alkaline.lv\/en\/products\/galda-segums-ar-plevi-bantex-49x65-cm-melns\/","title":{"rendered":"Galda segums ar pl\u0113vi BANTEX 49&#215;65 cm, melns"},"content":{"rendered":"<p>Ar caursp\u012bd\u012bgu pl\u0113vi<br \/>\nNesl\u012bdo\u0161s<br \/>\nIzm\u0113rs: 49 x 65 cm<\/p>\n","protected":false},"excerpt":{"rendered":"<div class=\"item_meta\">Cena ar PVN <span style=\"color: #ff0000;\"><strong>14,51 \u20ac<\/strong><\/span><\/div>\n","protected":false},"featured_media":5921,"template":"","meta":{"inline_featured_image":false},"product_cat":[312],"product_tag":[],"class_list":{"0":"post-5920","1":"product","2":"type-product","3":"status-publish","4":"has-post-thumbnail","6":"product_cat-galda-segumi","8":"first","9":"instock","10":"taxable","11":"shipping-taxable","12":"purchasable","13":"product-type-simple","14":"add-to-wishlist-after_add_to_cart"},"_links":{"self":[{"href":"https:\/\/alkaline.lv\/en\/wp-json\/wp\/v2\/product\/5920","targetHints":{"allow":["GET"]}}],"collection":[{"href":"https:\/\/alkaline.lv\/en\/wp-json\/wp\/v2\/product"}],"about":[{"href":"https:\/\/alkaline.lv\/en\/wp-json\/wp\/v2\/types\/product"}],"wp:featuredmedia":[{"embeddable":true,"href":"https:\/\/alkaline.lv\/en\/wp-json\/wp\/v2\/media\/5921"}],"wp:attachment":[{"href":"https:\/\/alkaline.lv\/en\/wp-json\/wp\/v2\/media?parent=5920"}],"wp:term":[{"taxonomy":"product_cat","embeddable":true,"href":"https:\/\/alkaline.lv\/en\/wp-json\/wp\/v2\/product_cat?post=5920"},{"taxonomy":"product_tag","embeddable":true,"href":"https:\/\/alkaline.lv\/en\/wp-json\/wp\/v2\/product_tag?post=5920"}],"curies":[{"name":"wp","href":"https:\/\/api.w.org\/{rel}","templated":true}]}}