{"id":5949,"date":"2021-08-28T12:25:14","date_gmt":"2021-08-28T09:25:14","guid":{"rendered":"https:\/\/alkaline.lv\/?post_type=product&#038;p=5949"},"modified":"2022-07-12T13:13:07","modified_gmt":"2022-07-12T10:13:07","slug":"vizitkarsu-kastite-durable-90x55-mm-metaliski-sudrabaina-krasa","status":"publish","type":"product","link":"https:\/\/alkaline.lv\/en\/products\/vizitkarsu-kastite-durable-90x55-mm-metaliski-sudrabaina-krasa\/","title":{"rendered":"Viz\u012btkar\u0161u kast\u012bte DURABLE, 90&#215;55 mm, met\u0101liski sudrabaina kr\u0101sa"},"content":{"rendered":"<p>Eleganta alum\u012bnija kast\u012bte ar mat\u0113tu sudrabainu virsmu<br \/>\nIek\u0161\u0113jais izm\u0113rs: 90 x 55 mm<br \/>\nIetilp\u012bba \u2013 l\u012bdz 20 viz\u012btkart\u0113m<br \/>\nSudraba kr\u0101s\u0101<\/p>\n","protected":false},"excerpt":{"rendered":"<div class=\"item_meta\">Cena ar PVN <span style=\"color: #ff0000;\"><strong>8,51 \u20ac<\/strong><\/span><\/div>\n","protected":false},"featured_media":5950,"template":"","meta":{"inline_featured_image":false},"product_cat":[313],"product_tag":[],"class_list":{"0":"post-5949","1":"product","2":"type-product","3":"status-publish","4":"has-post-thumbnail","6":"product_cat-vizitkarsu-turetaji","8":"first","9":"instock","10":"taxable","11":"shipping-taxable","12":"purchasable","13":"product-type-simple","14":"add-to-wishlist-after_add_to_cart"},"_links":{"self":[{"href":"https:\/\/alkaline.lv\/en\/wp-json\/wp\/v2\/product\/5949"}],"collection":[{"href":"https:\/\/alkaline.lv\/en\/wp-json\/wp\/v2\/product"}],"about":[{"href":"https:\/\/alkaline.lv\/en\/wp-json\/wp\/v2\/types\/product"}],"wp:featuredmedia":[{"embeddable":true,"href":"https:\/\/alkaline.lv\/en\/wp-json\/wp\/v2\/media\/5950"}],"wp:attachment":[{"href":"https:\/\/alkaline.lv\/en\/wp-json\/wp\/v2\/media?parent=5949"}],"wp:term":[{"taxonomy":"product_cat","embeddable":true,"href":"https:\/\/alkaline.lv\/en\/wp-json\/wp\/v2\/product_cat?post=5949"},{"taxonomy":"product_tag","embeddable":true,"href":"https:\/\/alkaline.lv\/en\/wp-json\/wp\/v2\/product_tag?post=5949"}],"curies":[{"name":"wp","href":"https:\/\/api.w.org\/{rel}","templated":true}]}}