{"id":5954,"date":"2021-08-28T12:35:07","date_gmt":"2021-08-28T09:35:07","guid":{"rendered":"https:\/\/alkaline.lv\/?post_type=product&#038;p=5954"},"modified":"2021-08-28T12:38:11","modified_gmt":"2021-08-28T09:38:11","slug":"kniedes-han-8ev-piccolo-iiihang-101-00-50-60-kniedetajiem-1000-gab-zeltitas","status":"publish","type":"product","link":"https:\/\/alkaline.lv\/en\/products\/kniedes-han-8ev-piccolo-iiihang-101-00-50-60-kniedetajiem-1000-gab-zeltitas\/","title":{"rendered":"Kniedes HAN 8EV, PICCOLO III,HANG-101-00\/50\/60 knied\u0113t\u0101jiem, 1000 gab., zelt\u012btas"},"content":{"rendered":"<p>Galvi\u0146as diametrs D=8mm<br \/>\nIek\u0161\u0113jais diametrs d2=5,5mm<br \/>\n\u0100r\u0113jais diametrs d1= 6,2 mm<br \/>\nGarums L=3 mm<br \/>\nParedz\u0113tas 2-15 lap\u0101m<br \/>\nZelt\u012bt\u0101 kr\u0101s\u0101<\/p>\n","protected":false},"excerpt":{"rendered":"<div class=\"item_meta\">Cena ar PVN <span style=\"color: #ff0000;\"><strong>14,71 \u20ac<\/strong><\/span><\/div>\n","protected":false},"featured_media":5955,"template":"","meta":{"inline_featured_image":false},"product_cat":[314],"product_tag":[],"class_list":{"0":"post-5954","1":"product","2":"type-product","3":"status-publish","4":"has-post-thumbnail","6":"product_cat-kniedetaji-un-kniedes","8":"first","9":"instock","10":"taxable","11":"shipping-taxable","12":"purchasable","13":"product-type-simple","14":"add-to-wishlist-after_add_to_cart"},"_links":{"self":[{"href":"https:\/\/alkaline.lv\/en\/wp-json\/wp\/v2\/product\/5954"}],"collection":[{"href":"https:\/\/alkaline.lv\/en\/wp-json\/wp\/v2\/product"}],"about":[{"href":"https:\/\/alkaline.lv\/en\/wp-json\/wp\/v2\/types\/product"}],"wp:featuredmedia":[{"embeddable":true,"href":"https:\/\/alkaline.lv\/en\/wp-json\/wp\/v2\/media\/5955"}],"wp:attachment":[{"href":"https:\/\/alkaline.lv\/en\/wp-json\/wp\/v2\/media?parent=5954"}],"wp:term":[{"taxonomy":"product_cat","embeddable":true,"href":"https:\/\/alkaline.lv\/en\/wp-json\/wp\/v2\/product_cat?post=5954"},{"taxonomy":"product_tag","embeddable":true,"href":"https:\/\/alkaline.lv\/en\/wp-json\/wp\/v2\/product_tag?post=5954"}],"curies":[{"name":"wp","href":"https:\/\/api.w.org\/{rel}","templated":true}]}}