{"id":5956,"date":"2021-08-28T12:38:19","date_gmt":"2021-08-28T09:38:19","guid":{"rendered":"https:\/\/alkaline.lv\/?post_type=product&#038;p=5956"},"modified":"2025-08-18T10:17:26","modified_gmt":"2025-08-18T07:17:26","slug":"kniedes-plus-250gab-zeltitas","status":"publish","type":"product","link":"https:\/\/alkaline.lv\/en\/products\/kniedes-plus-250gab-zeltitas\/","title":{"rendered":"Kniedes PLUS (250gab) zelt\u012btas"},"content":{"rendered":"<p>\u0100r\u0113jais diametrs 4.8mm<br \/>\nGarums 4.6mm<br \/>\nL\u012bdz 30 lap\u0101m<\/p>\n","protected":false},"excerpt":{"rendered":"<p>\u0100r\u0113jais diametrs 4.8mm Garums 4.6mm L\u012bdz 30 lap\u0101m<\/p>\n","protected":false},"featured_media":5957,"template":"","meta":{"inline_featured_image":false},"product_cat":[314],"product_tag":[],"class_list":{"0":"post-5956","1":"product","2":"type-product","3":"status-publish","4":"has-post-thumbnail","6":"product_cat-kniedetaji-un-kniedes","8":"first","9":"instock","10":"taxable","11":"shipping-taxable","12":"purchasable","13":"product-type-simple","14":"add-to-wishlist-after_add_to_cart"},"_links":{"self":[{"href":"https:\/\/alkaline.lv\/en\/wp-json\/wp\/v2\/product\/5956","targetHints":{"allow":["GET"]}}],"collection":[{"href":"https:\/\/alkaline.lv\/en\/wp-json\/wp\/v2\/product"}],"about":[{"href":"https:\/\/alkaline.lv\/en\/wp-json\/wp\/v2\/types\/product"}],"wp:featuredmedia":[{"embeddable":true,"href":"https:\/\/alkaline.lv\/en\/wp-json\/wp\/v2\/media\/5957"}],"wp:attachment":[{"href":"https:\/\/alkaline.lv\/en\/wp-json\/wp\/v2\/media?parent=5956"}],"wp:term":[{"taxonomy":"product_cat","embeddable":true,"href":"https:\/\/alkaline.lv\/en\/wp-json\/wp\/v2\/product_cat?post=5956"},{"taxonomy":"product_tag","embeddable":true,"href":"https:\/\/alkaline.lv\/en\/wp-json\/wp\/v2\/product_tag?post=5956"}],"curies":[{"name":"wp","href":"https:\/\/api.w.org\/{rel}","templated":true}]}}