{"id":5972,"date":"2021-08-29T13:47:56","date_gmt":"2021-08-29T10:47:56","guid":{"rendered":"https:\/\/alkaline.lv\/?post_type=product&#038;p=5972"},"modified":"2022-07-12T13:13:53","modified_gmt":"2022-07-12T10:13:53","slug":"notara-diegs-350-m-zals-balts","status":"publish","type":"product","link":"https:\/\/alkaline.lv\/en\/products\/notara-diegs-350-m-zals-balts\/","title":{"rendered":"Not\u0101ra diegs, 350 m, za\u013c\u0161\/balts"},"content":{"rendered":"<div class=\"PRODUCT__description desc description\">\n<div id=\"product-e58b9a0211d3ca9faac2cac00bd45942\">Dokumentu sa\u0161\u016b\u0161anai<\/div>\n<p>&nbsp;<\/p>\n<\/div>\n<div class=\"PRODUCT__actions\">\n<div class=\"PRODUCT__actions-item\"><\/div>\n<\/div>\n","protected":false},"excerpt":{"rendered":"<div class=\"item_meta\">Cena ar PVN <span style=\"color: #ff0000;\"><strong>23,11 \u20ac<\/strong><\/span><\/div>\n","protected":false},"featured_media":5973,"template":"","meta":{"inline_featured_image":false},"product_cat":[315],"product_tag":[],"class_list":{"0":"post-5972","1":"product","2":"type-product","3":"status-publish","4":"has-post-thumbnail","6":"product_cat-piederumi-notariem","8":"first","9":"instock","10":"taxable","11":"shipping-taxable","12":"purchasable","13":"product-type-simple","14":"add-to-wishlist-after_add_to_cart"},"_links":{"self":[{"href":"https:\/\/alkaline.lv\/en\/wp-json\/wp\/v2\/product\/5972"}],"collection":[{"href":"https:\/\/alkaline.lv\/en\/wp-json\/wp\/v2\/product"}],"about":[{"href":"https:\/\/alkaline.lv\/en\/wp-json\/wp\/v2\/types\/product"}],"wp:featuredmedia":[{"embeddable":true,"href":"https:\/\/alkaline.lv\/en\/wp-json\/wp\/v2\/media\/5973"}],"wp:attachment":[{"href":"https:\/\/alkaline.lv\/en\/wp-json\/wp\/v2\/media?parent=5972"}],"wp:term":[{"taxonomy":"product_cat","embeddable":true,"href":"https:\/\/alkaline.lv\/en\/wp-json\/wp\/v2\/product_cat?post=5972"},{"taxonomy":"product_tag","embeddable":true,"href":"https:\/\/alkaline.lv\/en\/wp-json\/wp\/v2\/product_tag?post=5972"}],"curies":[{"name":"wp","href":"https:\/\/api.w.org\/{rel}","templated":true}]}}