{"id":6007,"date":"2021-08-30T10:29:03","date_gmt":"2021-08-30T07:29:03","guid":{"rendered":"https:\/\/alkaline.lv\/?post_type=product&#038;p=6007"},"modified":"2022-11-21T13:12:56","modified_gmt":"2022-11-21T11:12:56","slug":"universala-lime-henkel-super-moment-3g","status":"publish","type":"product","link":"https:\/\/alkaline.lv\/en\/products\/universala-lime-henkel-super-moment-3g\/","title":{"rendered":"L\u012bme HENKEL Super Moment, 3g"},"content":{"rendered":"<div class=\"PRODUCT__description desc description\">\n<p>Univers\u0101la, \u012bpa\u0161i stipra l\u012bme<br \/>\nL\u012bm\u0113 koku, porcel\u0101nu, plastmasu un met\u0101lu<br \/>\n\u0100tri \u017e\u016bst \u2013 no 10 l\u012bdz 60 sekund\u0113m<\/p>\n<\/div>\n<div class=\"PRODUCT__actions\">\n<div class=\"PRODUCT__actions-item\"><\/div>\n<\/div>\n","protected":false},"excerpt":{"rendered":"<p>Univers\u0101la, \u012bpa\u0161i stipra l\u012bme L\u012bm\u0113 koku, porcel\u0101nu, plastmasu un met\u0101lu \u0100tri \u017e\u016bst \u2013 no 10 l\u012bdz 60 sekund\u0113m<\/p>\n","protected":false},"featured_media":6008,"template":"","meta":{"inline_featured_image":false},"product_cat":[318],"product_tag":[],"class_list":{"0":"post-6007","1":"product","2":"type-product","3":"status-publish","4":"has-post-thumbnail","6":"product_cat-limes","8":"first","9":"instock","10":"taxable","11":"shipping-taxable","12":"purchasable","13":"product-type-simple","14":"add-to-wishlist-after_add_to_cart"},"_links":{"self":[{"href":"https:\/\/alkaline.lv\/en\/wp-json\/wp\/v2\/product\/6007"}],"collection":[{"href":"https:\/\/alkaline.lv\/en\/wp-json\/wp\/v2\/product"}],"about":[{"href":"https:\/\/alkaline.lv\/en\/wp-json\/wp\/v2\/types\/product"}],"wp:featuredmedia":[{"embeddable":true,"href":"https:\/\/alkaline.lv\/en\/wp-json\/wp\/v2\/media\/6008"}],"wp:attachment":[{"href":"https:\/\/alkaline.lv\/en\/wp-json\/wp\/v2\/media?parent=6007"}],"wp:term":[{"taxonomy":"product_cat","embeddable":true,"href":"https:\/\/alkaline.lv\/en\/wp-json\/wp\/v2\/product_cat?post=6007"},{"taxonomy":"product_tag","embeddable":true,"href":"https:\/\/alkaline.lv\/en\/wp-json\/wp\/v2\/product_tag?post=6007"}],"curies":[{"name":"wp","href":"https:\/\/api.w.org\/{rel}","templated":true}]}}