{"id":6013,"date":"2021-08-30T10:44:26","date_gmt":"2021-08-30T07:44:26","guid":{"rendered":"https:\/\/alkaline.lv\/?post_type=product&#038;p=6013"},"modified":"2022-11-21T13:26:06","modified_gmt":"2022-11-21T11:26:06","slug":"lime-pva-carioca-250-g","status":"publish","type":"product","link":"https:\/\/alkaline.lv\/en\/products\/lime-pva-carioca-250-g\/","title":{"rendered":"L\u012bme PVA CARIOCA, 250 g"},"content":{"rendered":"<div class=\"PRODUCT__description desc description\">\n<p>Skr\u016bv\u0113jams kor\u0137is<br \/>\nPiem\u0113rots pap\u012bram un kartonam<br \/>\n\u017d\u0101v\u0113jot, k\u013c\u016bst caursp\u012bd\u012bgs<\/p>\n<\/div>\n<div class=\"PRODUCT__actions\">\n<div class=\"PRODUCT__actions-item\"><\/div>\n<\/div>\n","protected":false},"excerpt":{"rendered":"<p>Skr\u016bv\u0113jams kor\u0137is Piem\u0113rots pap\u012bram un kartonam \u017d\u0101v\u0113jot, k\u013c\u016bst caursp\u012bd\u012bgs<\/p>\n","protected":false},"featured_media":6014,"template":"","meta":{"inline_featured_image":false},"product_cat":[318],"product_tag":[],"class_list":{"0":"post-6013","1":"product","2":"type-product","3":"status-publish","4":"has-post-thumbnail","6":"product_cat-limes","8":"first","9":"instock","10":"taxable","11":"shipping-taxable","12":"purchasable","13":"product-type-simple","14":"add-to-wishlist-after_add_to_cart"},"_links":{"self":[{"href":"https:\/\/alkaline.lv\/en\/wp-json\/wp\/v2\/product\/6013"}],"collection":[{"href":"https:\/\/alkaline.lv\/en\/wp-json\/wp\/v2\/product"}],"about":[{"href":"https:\/\/alkaline.lv\/en\/wp-json\/wp\/v2\/types\/product"}],"wp:featuredmedia":[{"embeddable":true,"href":"https:\/\/alkaline.lv\/en\/wp-json\/wp\/v2\/media\/6014"}],"wp:attachment":[{"href":"https:\/\/alkaline.lv\/en\/wp-json\/wp\/v2\/media?parent=6013"}],"wp:term":[{"taxonomy":"product_cat","embeddable":true,"href":"https:\/\/alkaline.lv\/en\/wp-json\/wp\/v2\/product_cat?post=6013"},{"taxonomy":"product_tag","embeddable":true,"href":"https:\/\/alkaline.lv\/en\/wp-json\/wp\/v2\/product_tag?post=6013"}],"curies":[{"name":"wp","href":"https:\/\/api.w.org\/{rel}","templated":true}]}}