{"id":6015,"date":"2021-08-30T10:47:08","date_gmt":"2021-08-30T07:47:08","guid":{"rendered":"https:\/\/alkaline.lv\/?post_type=product&#038;p=6015"},"modified":"2022-11-21T13:21:21","modified_gmt":"2022-11-21T11:21:21","slug":"lime-rolleris-kores-permanenta-garums-10-m","status":"publish","type":"product","link":"https:\/\/alkaline.lv\/en\/products\/lime-rolleris-kores-permanenta-garums-10-m\/","title":{"rendered":"L\u012bme rolleris KORES permanenta, garums 10 m"},"content":{"rendered":"<div class=\"PRODUCT__description desc description\">\n<p>Vienreiz\u0113jas lieto\u0161anas permanent\u0101 l\u012bme<br \/>\nSp\u0113c\u012bga sa\u0137ere ar l\u012bm\u0113jamo virsmu<br \/>\n\u0100tri, prec\u012bzi un t\u012bri l\u012bm\u0113 pap\u012bru, kartonu, fotogr\u0101fijas<\/p>\n<\/div>\n<div class=\"PRODUCT__actions\">\n<div class=\"PRODUCT__actions-item\"><\/div>\n<\/div>\n","protected":false},"excerpt":{"rendered":"<p>Vienreiz\u0113jas lieto\u0161anas permanent\u0101 l\u012bme Sp\u0113c\u012bga sa\u0137ere ar l\u012bm\u0113jamo virsmu \u0100tri, prec\u012bzi un t\u012bri l\u012bm\u0113 pap\u012bru, kartonu, fotogr\u0101fijas<\/p>\n","protected":false},"featured_media":45850,"template":"","meta":{"inline_featured_image":false},"product_cat":[318],"product_tag":[],"class_list":{"0":"post-6015","1":"product","2":"type-product","3":"status-publish","4":"has-post-thumbnail","6":"product_cat-limes","8":"first","9":"instock","10":"taxable","11":"shipping-taxable","12":"purchasable","13":"product-type-simple","14":"add-to-wishlist-after_add_to_cart"},"_links":{"self":[{"href":"https:\/\/alkaline.lv\/en\/wp-json\/wp\/v2\/product\/6015","targetHints":{"allow":["GET"]}}],"collection":[{"href":"https:\/\/alkaline.lv\/en\/wp-json\/wp\/v2\/product"}],"about":[{"href":"https:\/\/alkaline.lv\/en\/wp-json\/wp\/v2\/types\/product"}],"wp:featuredmedia":[{"embeddable":true,"href":"https:\/\/alkaline.lv\/en\/wp-json\/wp\/v2\/media\/45850"}],"wp:attachment":[{"href":"https:\/\/alkaline.lv\/en\/wp-json\/wp\/v2\/media?parent=6015"}],"wp:term":[{"taxonomy":"product_cat","embeddable":true,"href":"https:\/\/alkaline.lv\/en\/wp-json\/wp\/v2\/product_cat?post=6015"},{"taxonomy":"product_tag","embeddable":true,"href":"https:\/\/alkaline.lv\/en\/wp-json\/wp\/v2\/product_tag?post=6015"}],"curies":[{"name":"wp","href":"https:\/\/api.w.org\/{rel}","templated":true}]}}