{"id":6025,"date":"2021-08-30T11:14:15","date_gmt":"2021-08-30T08:14:15","guid":{"rendered":"https:\/\/alkaline.lv\/?post_type=product&#038;p=6025"},"modified":"2022-11-21T13:14:01","modified_gmt":"2022-11-21T11:14:01","slug":"lime-pva-forpus-120-ml","status":"publish","type":"product","link":"https:\/\/alkaline.lv\/en\/products\/lime-pva-forpus-120-ml\/","title":{"rendered":"L\u012bme PVA Forpus, 120 ml"},"content":{"rendered":"<div class=\"PRODUCT__description desc description\">\n<p>Balta l\u012bme bl\u012bvu materi\u0101lu un bieza pap\u012bra l\u012bm\u0113\u0161anai<br \/>\nM\u012bksta plastmasas pudel\u012bte ar v\u0101ci\u0146\u0101 ier\u012bkotu aplikatoru<br \/>\nDro\u0161i sastiprina<br \/>\nBez smar\u017eas<\/p>\n<\/div>\n<div class=\"PRODUCT__actions\">\n<div class=\"PRODUCT__actions-item\"><\/div>\n<\/div>\n","protected":false},"excerpt":{"rendered":"<p>Balta l\u012bme bl\u012bvu materi\u0101lu un bieza pap\u012bra l\u012bm\u0113\u0161anai M\u012bksta plastmasas pudel\u012bte ar v\u0101ci\u0146\u0101 ier\u012bkotu aplikatoru Dro\u0161i sastiprina Bez smar\u017eas<\/p>\n","protected":false},"featured_media":6026,"template":"","meta":{"inline_featured_image":false},"product_cat":[318],"product_tag":[],"class_list":{"0":"post-6025","1":"product","2":"type-product","3":"status-publish","4":"has-post-thumbnail","6":"product_cat-limes","8":"first","9":"instock","10":"taxable","11":"shipping-taxable","12":"purchasable","13":"product-type-simple","14":"add-to-wishlist-after_add_to_cart"},"_links":{"self":[{"href":"https:\/\/alkaline.lv\/en\/wp-json\/wp\/v2\/product\/6025"}],"collection":[{"href":"https:\/\/alkaline.lv\/en\/wp-json\/wp\/v2\/product"}],"about":[{"href":"https:\/\/alkaline.lv\/en\/wp-json\/wp\/v2\/types\/product"}],"wp:featuredmedia":[{"embeddable":true,"href":"https:\/\/alkaline.lv\/en\/wp-json\/wp\/v2\/media\/6026"}],"wp:attachment":[{"href":"https:\/\/alkaline.lv\/en\/wp-json\/wp\/v2\/media?parent=6025"}],"wp:term":[{"taxonomy":"product_cat","embeddable":true,"href":"https:\/\/alkaline.lv\/en\/wp-json\/wp\/v2\/product_cat?post=6025"},{"taxonomy":"product_tag","embeddable":true,"href":"https:\/\/alkaline.lv\/en\/wp-json\/wp\/v2\/product_tag?post=6025"}],"curies":[{"name":"wp","href":"https:\/\/api.w.org\/{rel}","templated":true}]}}