{"id":6027,"date":"2021-08-30T11:19:56","date_gmt":"2021-08-30T08:19:56","guid":{"rendered":"https:\/\/alkaline.lv\/?post_type=product&#038;p=6027"},"modified":"2022-11-21T23:12:03","modified_gmt":"2022-11-21T21:12:03","slug":"limzimulis-tesa-easy-stick-trissstura12g","status":"publish","type":"product","link":"https:\/\/alkaline.lv\/en\/products\/limzimulis-tesa-easy-stick-trissstura12g\/","title":{"rendered":"L\u012bmes z\u012bmulis TESA Easy Stick, tr\u012bssst\u016bra, 12g"},"content":{"rendered":"<div class=\"PRODUCT__description desc description\">\n<p>Kaut ar\u012b Tesa Easy Stick ir ide\u0101li piem\u0113rota pap\u012bra un kartona piel\u012bm\u0113\u0161anai, t\u0101 pied\u0101v\u0101 labu sa\u0137eri ar\u012b materi\u0101lu, piem\u0113ram, foto izdruku, piel\u012bm\u0113\u0161anai album\u0101. Izmantojiet to k\u0101 univers\u0101lu l\u012bmes n\u016bju ikdienas lieto\u0161anai m\u0101j\u0101s un biroj\u0101, un tam ir pievienota l\u012bme bez \u0161\u0137\u012bdin\u0101t\u0101jiem, kuru var viegli izmazg\u0101t. T\u0101s tr\u012bsst\u016bra forma ne tikai ne\u013cauj tam noripot no galda. Ir ar\u012b \u013coti praktiski prec\u012bzi uzkl\u0101t l\u012bmi pl\u0101nu l\u012bniju vai punktu veid\u0101.<\/p>\n<\/div>\n<div class=\"PRODUCT__actions\">\n<div class=\"PRODUCT__actions-item\"><\/div>\n<\/div>\n","protected":false},"excerpt":{"rendered":"<div class=\"item_meta\"><\/div>\n","protected":false},"featured_media":6028,"template":"","meta":{"inline_featured_image":false},"product_cat":[319],"product_tag":[],"class_list":{"0":"post-6027","1":"product","2":"type-product","3":"status-publish","4":"has-post-thumbnail","6":"product_cat-limes-zimuli","8":"first","9":"instock","10":"taxable","11":"shipping-taxable","12":"purchasable","13":"product-type-simple","14":"add-to-wishlist-after_add_to_cart"},"_links":{"self":[{"href":"https:\/\/alkaline.lv\/en\/wp-json\/wp\/v2\/product\/6027"}],"collection":[{"href":"https:\/\/alkaline.lv\/en\/wp-json\/wp\/v2\/product"}],"about":[{"href":"https:\/\/alkaline.lv\/en\/wp-json\/wp\/v2\/types\/product"}],"wp:featuredmedia":[{"embeddable":true,"href":"https:\/\/alkaline.lv\/en\/wp-json\/wp\/v2\/media\/6028"}],"wp:attachment":[{"href":"https:\/\/alkaline.lv\/en\/wp-json\/wp\/v2\/media?parent=6027"}],"wp:term":[{"taxonomy":"product_cat","embeddable":true,"href":"https:\/\/alkaline.lv\/en\/wp-json\/wp\/v2\/product_cat?post=6027"},{"taxonomy":"product_tag","embeddable":true,"href":"https:\/\/alkaline.lv\/en\/wp-json\/wp\/v2\/product_tag?post=6027"}],"curies":[{"name":"wp","href":"https:\/\/api.w.org\/{rel}","templated":true}]}}