{"id":6042,"date":"2021-08-30T11:46:25","date_gmt":"2021-08-30T08:46:25","guid":{"rendered":"https:\/\/alkaline.lv\/?post_type=product&#038;p=6042"},"modified":"2022-11-21T13:46:34","modified_gmt":"2022-11-21T11:46:34","slug":"limzimulis-centrum-lite-15g","status":"publish","type":"product","link":"https:\/\/alkaline.lv\/en\/products\/limzimulis-centrum-lite-15g\/","title":{"rendered":"L\u012bmes z\u012bmulis CENTRUM, 15g"},"content":{"rendered":"<div class=\"PRODUCT__description desc description\">\n<p>l\u012bme z\u012bmulis<br \/>\npap\u012bra un kartona l\u012bm\u0113\u0161anai<\/p>\n<\/div>\n<div class=\"PRODUCT__actions\">\n<div class=\"PRODUCT__actions-item\"><\/div>\n<\/div>\n","protected":false},"excerpt":{"rendered":"<p>l\u012bme z\u012bmulis pap\u012bra un kartona l\u012bm\u0113\u0161anai<\/p>\n","protected":false},"featured_media":6043,"template":"","meta":{"inline_featured_image":false},"product_cat":[319],"product_tag":[],"class_list":{"0":"post-6042","1":"product","2":"type-product","3":"status-publish","4":"has-post-thumbnail","6":"product_cat-limes-zimuli","8":"first","9":"instock","10":"taxable","11":"shipping-taxable","12":"purchasable","13":"product-type-simple","14":"add-to-wishlist-after_add_to_cart"},"_links":{"self":[{"href":"https:\/\/alkaline.lv\/en\/wp-json\/wp\/v2\/product\/6042"}],"collection":[{"href":"https:\/\/alkaline.lv\/en\/wp-json\/wp\/v2\/product"}],"about":[{"href":"https:\/\/alkaline.lv\/en\/wp-json\/wp\/v2\/types\/product"}],"wp:featuredmedia":[{"embeddable":true,"href":"https:\/\/alkaline.lv\/en\/wp-json\/wp\/v2\/media\/6043"}],"wp:attachment":[{"href":"https:\/\/alkaline.lv\/en\/wp-json\/wp\/v2\/media?parent=6042"}],"wp:term":[{"taxonomy":"product_cat","embeddable":true,"href":"https:\/\/alkaline.lv\/en\/wp-json\/wp\/v2\/product_cat?post=6042"},{"taxonomy":"product_tag","embeddable":true,"href":"https:\/\/alkaline.lv\/en\/wp-json\/wp\/v2\/product_tag?post=6042"}],"curies":[{"name":"wp","href":"https:\/\/api.w.org\/{rel}","templated":true}]}}