{"id":6044,"date":"2021-08-30T11:48:25","date_gmt":"2021-08-30T08:48:25","guid":{"rendered":"https:\/\/alkaline.lv\/?post_type=product&#038;p=6044"},"modified":"2022-11-21T15:00:58","modified_gmt":"2022-11-21T13:00:58","slug":"limzimulis-kores-chameleon-15g","status":"publish","type":"product","link":"https:\/\/alkaline.lv\/en\/products\/limzimulis-kores-chameleon-15g\/","title":{"rendered":"L\u012bmes z\u012bmulis KORES Chameleon, 15g"},"content":{"rendered":"<div class=\"PRODUCT__description desc description\">\n<p>da\u017e\u0101diem pap\u012bra veidiem<br \/>\n\u0113rtai, ilglaic\u012bgai lieto\u0161anai<br \/>\nneiz\u017e\u016bst, neatst\u0101j traipus<br \/>\nsal\u012bm\u0113 40 sekun\u017eu laik\u0101<br \/>\nnav toksiska, nesatur sk\u0101bes<\/p>\n<\/div>\n<div class=\"PRODUCT__actions\">\n<div class=\"PRODUCT__actions-item\"><\/div>\n<\/div>\n","protected":false},"excerpt":{"rendered":"<div class=\"item_meta\"><\/div>\n","protected":false},"featured_media":6045,"template":"","meta":{"inline_featured_image":false},"product_cat":[319],"product_tag":[],"class_list":{"0":"post-6044","1":"product","2":"type-product","3":"status-publish","4":"has-post-thumbnail","6":"product_cat-limes-zimuli","8":"first","9":"instock","10":"taxable","11":"shipping-taxable","12":"purchasable","13":"product-type-simple","14":"add-to-wishlist-after_add_to_cart"},"_links":{"self":[{"href":"https:\/\/alkaline.lv\/en\/wp-json\/wp\/v2\/product\/6044"}],"collection":[{"href":"https:\/\/alkaline.lv\/en\/wp-json\/wp\/v2\/product"}],"about":[{"href":"https:\/\/alkaline.lv\/en\/wp-json\/wp\/v2\/types\/product"}],"wp:featuredmedia":[{"embeddable":true,"href":"https:\/\/alkaline.lv\/en\/wp-json\/wp\/v2\/media\/6045"}],"wp:attachment":[{"href":"https:\/\/alkaline.lv\/en\/wp-json\/wp\/v2\/media?parent=6044"}],"wp:term":[{"taxonomy":"product_cat","embeddable":true,"href":"https:\/\/alkaline.lv\/en\/wp-json\/wp\/v2\/product_cat?post=6044"},{"taxonomy":"product_tag","embeddable":true,"href":"https:\/\/alkaline.lv\/en\/wp-json\/wp\/v2\/product_tag?post=6044"}],"curies":[{"name":"wp","href":"https:\/\/api.w.org\/{rel}","templated":true}]}}