{"id":6052,"date":"2021-08-30T11:56:05","date_gmt":"2021-08-30T08:56:05","guid":{"rendered":"https:\/\/alkaline.lv\/?post_type=product&#038;p=6052"},"modified":"2022-11-21T15:16:29","modified_gmt":"2022-11-21T13:16:29","slug":"limzimulis-tesa-40g","status":"publish","type":"product","link":"https:\/\/alkaline.lv\/en\/products\/limzimulis-tesa-40g\/","title":{"rendered":"L\u012bmes z\u012bmulis TESA, 40g"},"content":{"rendered":"<div class=\"PRODUCT__description desc description\">\n<div class=\"PRODUCT__description desc description\">\n<div id=\"product-c4cca8047e68a934ad8184d5e5f90d8e\">Viegla uzkl\u0101\u0161ana, \u0113rta traipu no\u0146em\u0161ana. Tesa l\u012bmes n\u016bja ir piepild\u012bta ar piln\u012bgi bez smar\u017eas un \u0161\u0137\u012bdin\u0101t\u0101jiem nesaturo\u0161u l\u012bmi ar tie\u0161i t\u0101du konsistenci, lai viegli izplat\u012btos uz pap\u012bra, kartona vai jebkuras citas piem\u0113rotas virsmas. Ja j\u016bs to dab\u016bjat uz galda auduma vai ap\u0123\u0113rba &#8211; neuztraucieties, visus traipus var viegli izmazg\u0101t ar rok\u0101m, neatst\u0101jot p\u0113das.<\/div>\n<p>&nbsp;<\/p>\n<\/div>\n<div class=\"PRODUCT__actions\">\n<div class=\"PRODUCT__actions-item\"><\/div>\n<\/div>\n<\/div>\n<div class=\"PRODUCT__actions\">\n<div class=\"PRODUCT__actions-item\"><\/div>\n<\/div>\n","protected":false},"excerpt":{"rendered":"<p>Viegla uzkl\u0101\u0161ana, \u0113rta traipu no\u0146em\u0161ana. Tesa l\u012bmes n\u016bja ir piepild\u012bta ar piln\u012bgi bez smar\u017eas un \u0161\u0137\u012bdin\u0101t\u0101jiem nesaturo\u0161u l\u012bmi ar tie\u0161i t\u0101du konsistenci, lai viegli izplat\u012btos uz pap\u012bra, kartona vai jebkuras citas piem\u0113rotas virsmas. Ja j\u016bs to dab\u016bjat uz galda auduma vai ap\u0123\u0113rba &#8211; neuztraucieties, visus traipus var viegli izmazg\u0101t ar rok\u0101m, neatst\u0101jot p\u0113das. &nbsp;<\/p>\n","protected":false},"featured_media":6053,"template":"","meta":{"inline_featured_image":false},"product_cat":[319],"product_tag":[],"class_list":{"0":"post-6052","1":"product","2":"type-product","3":"status-publish","4":"has-post-thumbnail","6":"product_cat-limes-zimuli","8":"first","9":"instock","10":"taxable","11":"shipping-taxable","12":"purchasable","13":"product-type-simple","14":"add-to-wishlist-after_add_to_cart"},"_links":{"self":[{"href":"https:\/\/alkaline.lv\/en\/wp-json\/wp\/v2\/product\/6052","targetHints":{"allow":["GET"]}}],"collection":[{"href":"https:\/\/alkaline.lv\/en\/wp-json\/wp\/v2\/product"}],"about":[{"href":"https:\/\/alkaline.lv\/en\/wp-json\/wp\/v2\/types\/product"}],"wp:featuredmedia":[{"embeddable":true,"href":"https:\/\/alkaline.lv\/en\/wp-json\/wp\/v2\/media\/6053"}],"wp:attachment":[{"href":"https:\/\/alkaline.lv\/en\/wp-json\/wp\/v2\/media?parent=6052"}],"wp:term":[{"taxonomy":"product_cat","embeddable":true,"href":"https:\/\/alkaline.lv\/en\/wp-json\/wp\/v2\/product_cat?post=6052"},{"taxonomy":"product_tag","embeddable":true,"href":"https:\/\/alkaline.lv\/en\/wp-json\/wp\/v2\/product_tag?post=6052"}],"curies":[{"name":"wp","href":"https:\/\/api.w.org\/{rel}","templated":true}]}}