{"id":6056,"date":"2021-08-30T12:00:15","date_gmt":"2021-08-30T09:00:15","guid":{"rendered":"https:\/\/alkaline.lv\/?post_type=product&#038;p=6056"},"modified":"2022-11-21T15:11:26","modified_gmt":"2022-11-21T13:11:26","slug":"limzimulis-tesa-basic-36g","status":"publish","type":"product","link":"https:\/\/alkaline.lv\/en\/products\/limzimulis-tesa-basic-36g\/","title":{"rendered":"L\u012bmes z\u012bmulis Tesa BASIC, 36g"},"content":{"rendered":"<div class=\"PRODUCT__description desc description\">\n<div class=\"PRODUCT__description desc description\">\n<div id=\"product-c4cca8047e68a934ad8184d5e5f90d8e\">Tesa\u00ae BASIC Stick izmanto\u0161ana, iesp\u0113jams, ir vienk\u0101r\u0161\u0101kais veids, k\u0101 piel\u012bm\u0113t pap\u012bru vai kartonu. \u0160\u012b daudzfunkcion\u0101l\u0101 l\u012bmes n\u016bja ir vienk\u0101r\u0161i ide\u0101la birojam, un daudzpus\u012bga hobbycraft l\u012bmes n\u016bja daudz\u0101m m\u0101jas lieto\u0161anai. Tas \u013cauj viegli un t\u012bri piel\u012bm\u0113t un garant\u0113 uzticamu l\u012bm\u0113\u0161anu. Turot to le\u0146\u0137\u012b, tiks uzkl\u0101tas pl\u0101nas l\u012bmlentes, turot vertik\u0101li, ir ide\u0101li piem\u0113rots vienm\u0113r\u012bgas l\u012bmes k\u0101rtas uzkl\u0101\u0161anai uz liel\u0101k\u0101m virsm\u0101m. N\u016bjas pastveida l\u012bme ir bez toksiskiem \u0161\u0137\u012bdin\u0101t\u0101jiem un piln\u012bgi bez smar\u017eas. Tas ir izstr\u0101d\u0101ts \u0113rtai izklied\u0113\u0161anai. Jebkuru izliju\u0161o l\u012bmi var vienk\u0101r\u0161i izmazg\u0101t ar rok\u0101m<\/div>\n<p>&nbsp;<\/p>\n<\/div>\n<div class=\"PRODUCT__actions\">\n<div class=\"PRODUCT__actions-item\"><\/div>\n<\/div>\n<\/div>\n<div class=\"PRODUCT__actions\">\n<div class=\"PRODUCT__actions-item\"><\/div>\n<\/div>\n","protected":false},"excerpt":{"rendered":"<p>Tesa\u00ae BASIC Stick izmanto\u0161ana, iesp\u0113jams, ir vienk\u0101r\u0161\u0101kais veids, k\u0101 piel\u012bm\u0113t pap\u012bru vai kartonu. \u0160\u012b daudzfunkcion\u0101l\u0101 l\u012bmes n\u016bja ir vienk\u0101r\u0161i ide\u0101la birojam, un daudzpus\u012bga hobbycraft l\u012bmes n\u016bja daudz\u0101m m\u0101jas lieto\u0161anai. Tas \u013cauj viegli un t\u012bri piel\u012bm\u0113t un garant\u0113 uzticamu l\u012bm\u0113\u0161anu. Turot to le\u0146\u0137\u012b, tiks uzkl\u0101tas pl\u0101nas l\u012bmlentes, turot vertik\u0101li, ir ide\u0101li piem\u0113rots vienm\u0113r\u012bgas l\u012bmes k\u0101rtas uzkl\u0101\u0161anai [&hellip;]<\/p>\n","protected":false},"featured_media":6057,"template":"","meta":{"inline_featured_image":false},"product_cat":[319],"product_tag":[],"class_list":{"0":"post-6056","1":"product","2":"type-product","3":"status-publish","4":"has-post-thumbnail","6":"product_cat-limes-zimuli","8":"first","9":"instock","10":"taxable","11":"shipping-taxable","12":"purchasable","13":"product-type-simple","14":"add-to-wishlist-after_add_to_cart"},"_links":{"self":[{"href":"https:\/\/alkaline.lv\/en\/wp-json\/wp\/v2\/product\/6056"}],"collection":[{"href":"https:\/\/alkaline.lv\/en\/wp-json\/wp\/v2\/product"}],"about":[{"href":"https:\/\/alkaline.lv\/en\/wp-json\/wp\/v2\/types\/product"}],"wp:featuredmedia":[{"embeddable":true,"href":"https:\/\/alkaline.lv\/en\/wp-json\/wp\/v2\/media\/6057"}],"wp:attachment":[{"href":"https:\/\/alkaline.lv\/en\/wp-json\/wp\/v2\/media?parent=6056"}],"wp:term":[{"taxonomy":"product_cat","embeddable":true,"href":"https:\/\/alkaline.lv\/en\/wp-json\/wp\/v2\/product_cat?post=6056"},{"taxonomy":"product_tag","embeddable":true,"href":"https:\/\/alkaline.lv\/en\/wp-json\/wp\/v2\/product_tag?post=6056"}],"curies":[{"name":"wp","href":"https:\/\/api.w.org\/{rel}","templated":true}]}}