{"id":6058,"date":"2021-08-30T12:17:35","date_gmt":"2021-08-30T09:17:35","guid":{"rendered":"https:\/\/alkaline.lv\/?post_type=product&#038;p=6058"},"modified":"2022-11-21T17:16:12","modified_gmt":"2022-11-21T15:16:12","slug":"lente-iepakosanai-spino-48-mm-x-66-m-caurspidiga-akrila","status":"publish","type":"product","link":"https:\/\/alkaline.lv\/en\/products\/lente-iepakosanai-spino-48-mm-x-66-m-caurspidiga-akrila\/","title":{"rendered":"L\u012bmlente iepako\u0161anai SPINO, 48mm x 66m, caursp\u012bd\u012bga"},"content":{"rendered":"<div class=\"PRODUCT__description desc description\">\n<div class=\"PRODUCT__description desc description\">\n<div id=\"product-c4cca8047e68a934ad8184d5e5f90d8e\">Pa\u0161l\u012bm\u0113jo\u0161\u0101 lenta ar BOPP pamatni un uz \u016bdens b\u0101zes akrila l\u012bmes<br \/>\nKop\u0113jais biezums 43 mikroni<br \/>\nCaursp\u012bd\u012bga<br \/>\nIde\u0101li piem\u0113rota visiem iesai\u0146o\u0161anas darbiem<br \/>\nIzm\u0113rs: 48 x 66 mm<\/div>\n<p>&nbsp;<\/p>\n<\/div>\n<div class=\"PRODUCT__actions\">\n<div class=\"PRODUCT__actions-item\"><\/div>\n<\/div>\n<\/div>\n<div class=\"PRODUCT__actions\">\n<div class=\"PRODUCT__actions-item\"><\/div>\n<\/div>\n","protected":false},"excerpt":{"rendered":"<p>Pa\u0161l\u012bm\u0113jo\u0161\u0101 lenta ar BOPP pamatni un uz \u016bdens b\u0101zes akrila l\u012bmes Kop\u0113jais biezums 43 mikroni Caursp\u012bd\u012bga Ide\u0101li piem\u0113rota visiem iesai\u0146o\u0161anas darbiem Izm\u0113rs: 48 x 66 mm &nbsp;<\/p>\n","protected":false},"featured_media":6059,"template":"","meta":{"inline_featured_image":false},"product_cat":[320],"product_tag":[],"class_list":{"0":"post-6058","1":"product","2":"type-product","3":"status-publish","4":"has-post-thumbnail","6":"product_cat-limlentas-iepakosanai","8":"first","9":"instock","10":"taxable","11":"shipping-taxable","12":"purchasable","13":"product-type-simple","14":"add-to-wishlist-after_add_to_cart"},"_links":{"self":[{"href":"https:\/\/alkaline.lv\/en\/wp-json\/wp\/v2\/product\/6058"}],"collection":[{"href":"https:\/\/alkaline.lv\/en\/wp-json\/wp\/v2\/product"}],"about":[{"href":"https:\/\/alkaline.lv\/en\/wp-json\/wp\/v2\/types\/product"}],"wp:featuredmedia":[{"embeddable":true,"href":"https:\/\/alkaline.lv\/en\/wp-json\/wp\/v2\/media\/6059"}],"wp:attachment":[{"href":"https:\/\/alkaline.lv\/en\/wp-json\/wp\/v2\/media?parent=6058"}],"wp:term":[{"taxonomy":"product_cat","embeddable":true,"href":"https:\/\/alkaline.lv\/en\/wp-json\/wp\/v2\/product_cat?post=6058"},{"taxonomy":"product_tag","embeddable":true,"href":"https:\/\/alkaline.lv\/en\/wp-json\/wp\/v2\/product_tag?post=6058"}],"curies":[{"name":"wp","href":"https:\/\/api.w.org\/{rel}","templated":true}]}}