{"id":6064,"date":"2021-08-30T12:31:16","date_gmt":"2021-08-30T09:31:16","guid":{"rendered":"https:\/\/alkaline.lv\/?post_type=product&#038;p=6064"},"modified":"2022-11-21T23:47:23","modified_gmt":"2022-11-21T21:47:23","slug":"lente-iepakosanai-folsen-solventivent-48-mm-x-66-m-caurspidiga","status":"publish","type":"product","link":"https:\/\/alkaline.lv\/en\/products\/lente-iepakosanai-folsen-solventivent-48-mm-x-66-m-caurspidiga\/","title":{"rendered":"L\u012bmlente iepako\u0161anai FOLSEN SolventIvent, 48mm x 66m, caursp\u012bd\u012bga"},"content":{"rendered":"<div class=\"PRODUCT__description desc description\">\n<div class=\"PRODUCT__description desc description\">\n<div id=\"product-c4cca8047e68a934ad8184d5e5f90d8e\">\n<div class=\"PRODUCT__description desc description\">\n<div id=\"product-126d31f9776461d8956d5e3843be0d2a-full\"><\/div>\n<\/div>\n<div class=\"PRODUCT__actions\">\n<div class=\"PRODUCT__actions-item\"><\/div>\n<\/div>\n<\/div>\n<\/div>\n<\/div>\n<div class=\"PRODUCT__actions\">\n<div class=\"PRODUCT__actions-item\"><\/div>\n<\/div>\n","protected":false},"excerpt":{"rendered":"","protected":false},"featured_media":6065,"template":"","meta":{"inline_featured_image":false},"product_cat":[320],"product_tag":[],"class_list":{"0":"post-6064","1":"product","2":"type-product","3":"status-publish","4":"has-post-thumbnail","6":"product_cat-limlentas-iepakosanai","8":"first","9":"instock","10":"taxable","11":"shipping-taxable","12":"purchasable","13":"product-type-simple","14":"add-to-wishlist-after_add_to_cart"},"_links":{"self":[{"href":"https:\/\/alkaline.lv\/en\/wp-json\/wp\/v2\/product\/6064","targetHints":{"allow":["GET"]}}],"collection":[{"href":"https:\/\/alkaline.lv\/en\/wp-json\/wp\/v2\/product"}],"about":[{"href":"https:\/\/alkaline.lv\/en\/wp-json\/wp\/v2\/types\/product"}],"wp:featuredmedia":[{"embeddable":true,"href":"https:\/\/alkaline.lv\/en\/wp-json\/wp\/v2\/media\/6065"}],"wp:attachment":[{"href":"https:\/\/alkaline.lv\/en\/wp-json\/wp\/v2\/media?parent=6064"}],"wp:term":[{"taxonomy":"product_cat","embeddable":true,"href":"https:\/\/alkaline.lv\/en\/wp-json\/wp\/v2\/product_cat?post=6064"},{"taxonomy":"product_tag","embeddable":true,"href":"https:\/\/alkaline.lv\/en\/wp-json\/wp\/v2\/product_tag?post=6064"}],"curies":[{"name":"wp","href":"https:\/\/api.w.org\/{rel}","templated":true}]}}