{"id":6068,"date":"2021-08-30T12:46:00","date_gmt":"2021-08-30T09:46:00","guid":{"rendered":"https:\/\/alkaline.lv\/?post_type=product&#038;p=6068"},"modified":"2022-11-21T13:34:57","modified_gmt":"2022-11-21T11:34:57","slug":"limes-stienisi-apli-7-5mm-x-10cm-10gab","status":"publish","type":"product","link":"https:\/\/alkaline.lv\/en\/products\/limes-stienisi-apli-7-5mm-x-10cm-10gab\/","title":{"rendered":"L\u012bmes stien\u012b\u0161i APLI, 7.5mm x 10cm, 10gab."},"content":{"rendered":"<div class=\"PRODUCT__description desc description\">\n<div class=\"PRODUCT__description desc description\">\n<div id=\"product-c4cca8047e68a934ad8184d5e5f90d8e\">\n<div class=\"PRODUCT__description desc description\">\n<div id=\"product-126d31f9776461d8956d5e3843be0d2a-full\">L\u012bme piem\u0113rota met\u0101lam, kokam, plastmasai, keramikai, pap\u012bram, \u0101d\u0101i, poliesteram un audumam<br \/>\nDiametrs: 7.5 mm. Garums: 100 mm<br \/>\nL\u012bme ir bezkr\u0101saina<\/div>\n<\/div>\n<\/div>\n<\/div>\n<\/div>\n","protected":false},"excerpt":{"rendered":"<p>L\u012bme piem\u0113rota met\u0101lam, kokam, plastmasai, keramikai, pap\u012bram, \u0101d\u0101i, poliesteram un audumam Diametrs: 7.5 mm. Garums: 100 mm L\u012bme ir bezkr\u0101saina<\/p>\n","protected":false},"featured_media":6069,"template":"","meta":{"inline_featured_image":false},"product_cat":[321],"product_tag":[],"class_list":{"0":"post-6068","1":"product","2":"type-product","3":"status-publish","4":"has-post-thumbnail","6":"product_cat-limes-pistoles-un-limes-stienisi","8":"first","9":"instock","10":"taxable","11":"shipping-taxable","12":"purchasable","13":"product-type-simple","14":"add-to-wishlist-after_add_to_cart"},"_links":{"self":[{"href":"https:\/\/alkaline.lv\/en\/wp-json\/wp\/v2\/product\/6068"}],"collection":[{"href":"https:\/\/alkaline.lv\/en\/wp-json\/wp\/v2\/product"}],"about":[{"href":"https:\/\/alkaline.lv\/en\/wp-json\/wp\/v2\/types\/product"}],"wp:featuredmedia":[{"embeddable":true,"href":"https:\/\/alkaline.lv\/en\/wp-json\/wp\/v2\/media\/6069"}],"wp:attachment":[{"href":"https:\/\/alkaline.lv\/en\/wp-json\/wp\/v2\/media?parent=6068"}],"wp:term":[{"taxonomy":"product_cat","embeddable":true,"href":"https:\/\/alkaline.lv\/en\/wp-json\/wp\/v2\/product_cat?post=6068"},{"taxonomy":"product_tag","embeddable":true,"href":"https:\/\/alkaline.lv\/en\/wp-json\/wp\/v2\/product_tag?post=6068"}],"curies":[{"name":"wp","href":"https:\/\/api.w.org\/{rel}","templated":true}]}}