{"id":6072,"date":"2021-08-30T12:51:18","date_gmt":"2021-08-30T09:51:18","guid":{"rendered":"https:\/\/alkaline.lv\/?post_type=product&#038;p=6072"},"modified":"2023-07-17T13:44:43","modified_gmt":"2023-07-17T10:44:43","slug":"limes-stienisi-apli-7-5mm-x-10cm-25gab-kopija","status":"publish","type":"product","link":"https:\/\/alkaline.lv\/en\/products\/limes-stienisi-apli-7-5mm-x-10cm-25gab-kopija\/","title":{"rendered":"L\u012bmes pistole APLI 40W 11mm"},"content":{"rendered":"<div class=\"PRODUCT__description desc description\">\n<div class=\"PRODUCT__description desc description\">\n<div id=\"product-c4cca8047e68a934ad8184d5e5f90d8e\">\n<div class=\"PRODUCT__description desc description\">\n<div id=\"product-126d31f9776461d8956d5e3843be0d2a-full\">\n<div class=\"PRODUCT__description desc description\">\n<div id=\"product-4ad801946f5e4db538311ada6b166831\">\n<div class=\"PRODUCT__description desc description\">\n<div id=\"product-76286c5f4fded0b3d8e4ad9f63c062d0\">Ier\u012bce paredz\u0113ta da\u017e\u0101du materi\u0101lu sal\u012bm\u0113\u0161anai &#8211; koksne, \u0101da, audums, plastmasa, keramika<br \/>\nUzk\u0101r\u0161anas laiks &#8211; 5 min\u016btes<br \/>\nPirms lieto\u0161anas p\u0101rliecin\u0101ties, ka ier\u012bce nav deform\u0113ta.<\/div>\n<p>&nbsp;<\/p>\n<\/div>\n<div class=\"PRODUCT__actions\">\n<div class=\"PRODUCT__actions-item\"><\/div>\n<\/div>\n<\/div>\n<p>&nbsp;<\/p>\n<\/div>\n<div class=\"PRODUCT__actions\">\n<div class=\"PRODUCT__actions-item\"><\/div>\n<\/div>\n<\/div>\n<\/div>\n<\/div>\n<\/div>\n<\/div>\n","protected":false},"excerpt":{"rendered":"<p>Ier\u012bce paredz\u0113ta da\u017e\u0101du materi\u0101lu sal\u012bm\u0113\u0161anai &#8211; koksne, \u0101da, audums, plastmasa, keramika Uzk\u0101r\u0161anas laiks &#8211; 5 min\u016btes Pirms lieto\u0161anas p\u0101rliecin\u0101ties, ka ier\u012bce nav deform\u0113ta. &nbsp; &nbsp;<\/p>\n","protected":false},"featured_media":6074,"template":"","meta":{"inline_featured_image":false},"product_cat":[321],"product_tag":[],"class_list":{"0":"post-6072","1":"product","2":"type-product","3":"status-publish","4":"has-post-thumbnail","6":"product_cat-limes-pistoles-un-limes-stienisi","8":"first","9":"instock","10":"taxable","11":"shipping-taxable","12":"purchasable","13":"product-type-simple","14":"add-to-wishlist-after_add_to_cart"},"_links":{"self":[{"href":"https:\/\/alkaline.lv\/en\/wp-json\/wp\/v2\/product\/6072"}],"collection":[{"href":"https:\/\/alkaline.lv\/en\/wp-json\/wp\/v2\/product"}],"about":[{"href":"https:\/\/alkaline.lv\/en\/wp-json\/wp\/v2\/types\/product"}],"wp:featuredmedia":[{"embeddable":true,"href":"https:\/\/alkaline.lv\/en\/wp-json\/wp\/v2\/media\/6074"}],"wp:attachment":[{"href":"https:\/\/alkaline.lv\/en\/wp-json\/wp\/v2\/media?parent=6072"}],"wp:term":[{"taxonomy":"product_cat","embeddable":true,"href":"https:\/\/alkaline.lv\/en\/wp-json\/wp\/v2\/product_cat?post=6072"},{"taxonomy":"product_tag","embeddable":true,"href":"https:\/\/alkaline.lv\/en\/wp-json\/wp\/v2\/product_tag?post=6072"}],"curies":[{"name":"wp","href":"https:\/\/api.w.org\/{rel}","templated":true}]}}