{"id":6075,"date":"2021-08-30T12:55:56","date_gmt":"2021-08-30T09:55:56","guid":{"rendered":"https:\/\/alkaline.lv\/?post_type=product&#038;p=6075"},"modified":"2022-11-21T13:33:40","modified_gmt":"2022-11-21T11:33:40","slug":"limes-pistole-premium-7-5-mm-ar-diviem-limes-stienisiem","status":"publish","type":"product","link":"https:\/\/alkaline.lv\/en\/products\/limes-pistole-premium-7-5-mm-ar-diviem-limes-stienisiem\/","title":{"rendered":"L\u012bmes pistole PREMIUM, 7.5 mm, ar diviem l\u012bmes stien\u012b\u0161iem"},"content":{"rendered":"<div class=\"PRODUCT__description desc description\">\n<div class=\"PRODUCT__description desc description\">\n<div id=\"product-c4cca8047e68a934ad8184d5e5f90d8e\">\n<div class=\"PRODUCT__description desc description\">\n<div id=\"product-126d31f9776461d8956d5e3843be0d2a-full\">\n<div class=\"PRODUCT__description desc description\">\n<div id=\"product-4ad801946f5e4db538311ada6b166831\">\n<div class=\"PRODUCT__description desc description\">\n<div id=\"product-76286c5f4fded0b3d8e4ad9f63c062d0\">\n<div class=\"PRODUCT__description desc description\">\n<div id=\"product-cdd300fb231007b36ce341ddfd0351dc\">Karstuma kaus\u0113\u0161anas pistole izkaus\u0113 l\u012bmes stien\u012bti un p\u0101rv\u0113r\u0161 to \u0161\u0137idr\u0101 l\u012bm\u0113.<br \/>\nIeteicams nelieliem remontiem, rokdarbiem utt.<br \/>\nAugsta precizit\u0101te ar pareizo l\u012bmes daudzumu.<br \/>\nPiem\u0113rots visu veidu materi\u0101liem: plastmasai, keramikai, \u0101dai, tekstilizstr\u0101d\u0101jumiem, kokam un citam.<br \/>\nKomplekt\u0101 divi l\u012bmes stien\u012b\u0161i.<\/div>\n<p>&nbsp;<\/p>\n<\/div>\n<div class=\"PRODUCT__actions\">\n<div class=\"PRODUCT__actions-item\"><\/div>\n<\/div>\n<\/div>\n<p>&nbsp;<\/p>\n<\/div>\n<div class=\"PRODUCT__actions\">\n<div class=\"PRODUCT__actions-item\"><\/div>\n<\/div>\n<\/div>\n<p>&nbsp;<\/p>\n<\/div>\n<div class=\"PRODUCT__actions\">\n<div class=\"PRODUCT__actions-item\"><\/div>\n<\/div>\n<\/div>\n<\/div>\n<\/div>\n<\/div>\n<\/div>\n","protected":false},"excerpt":{"rendered":"<p>Karstuma kaus\u0113\u0161anas pistole izkaus\u0113 l\u012bmes stien\u012bti un p\u0101rv\u0113r\u0161 to \u0161\u0137idr\u0101 l\u012bm\u0113. Ieteicams nelieliem remontiem, rokdarbiem utt. Augsta precizit\u0101te ar pareizo l\u012bmes daudzumu. Piem\u0113rots visu veidu materi\u0101liem: plastmasai, keramikai, \u0101dai, tekstilizstr\u0101d\u0101jumiem, kokam un citam. Komplekt\u0101 divi l\u012bmes stien\u012b\u0161i. &nbsp; &nbsp; &nbsp;<\/p>\n","protected":false},"featured_media":6076,"template":"","meta":{"inline_featured_image":false},"product_cat":[321],"product_tag":[],"class_list":{"0":"post-6075","1":"product","2":"type-product","3":"status-publish","4":"has-post-thumbnail","6":"product_cat-limes-pistoles-un-limes-stienisi","8":"first","9":"instock","10":"taxable","11":"shipping-taxable","12":"purchasable","13":"product-type-simple","14":"add-to-wishlist-after_add_to_cart"},"_links":{"self":[{"href":"https:\/\/alkaline.lv\/en\/wp-json\/wp\/v2\/product\/6075"}],"collection":[{"href":"https:\/\/alkaline.lv\/en\/wp-json\/wp\/v2\/product"}],"about":[{"href":"https:\/\/alkaline.lv\/en\/wp-json\/wp\/v2\/types\/product"}],"wp:featuredmedia":[{"embeddable":true,"href":"https:\/\/alkaline.lv\/en\/wp-json\/wp\/v2\/media\/6076"}],"wp:attachment":[{"href":"https:\/\/alkaline.lv\/en\/wp-json\/wp\/v2\/media?parent=6075"}],"wp:term":[{"taxonomy":"product_cat","embeddable":true,"href":"https:\/\/alkaline.lv\/en\/wp-json\/wp\/v2\/product_cat?post=6075"},{"taxonomy":"product_tag","embeddable":true,"href":"https:\/\/alkaline.lv\/en\/wp-json\/wp\/v2\/product_tag?post=6075"}],"curies":[{"name":"wp","href":"https:\/\/api.w.org\/{rel}","templated":true}]}}